{"id":1174,"date":"2018-02-23T12:14:19","date_gmt":"2018-02-23T12:14:19","guid":{"rendered":"https:\/\/dsieurope.org\/what-we-do\/"},"modified":"2024-10-23T10:37:37","modified_gmt":"2024-10-23T10:37:37","slug":"what-we-do","status":"publish","type":"page","link":"https:\/\/dsieurope.op.org\/cs\/what-we-do\/","title":{"rendered":"co d\u011bl\u00e1me"},"content":{"rendered":"<div data-elementor-type=\"wp-post\" data-elementor-id=\"1174\" class=\"elementor elementor-1174\">\n\t\t\t\t\t\t\t\t\t<section class=\"elementor-section elementor-top-section elementor-element elementor-element-6c41702b elementor-section-content-middle elementor-section-boxed elementor-section-height-default elementor-section-height-default\" data-id=\"6c41702b\" data-element_type=\"section\" data-settings=\"{&quot;background_background&quot;:&quot;classic&quot;}\">\n\t\t\t\t\t\t\t<div class=\"elementor-background-overlay\"><\/div>\n\t\t\t\t\t\t\t<div class=\"elementor-container elementor-column-gap-wide\">\n\t\t\t\t\t<div class=\"elementor-column elementor-col-100 elementor-top-column elementor-element elementor-element-443b0413\" data-id=\"443b0413\" data-element_type=\"column\">\n\t\t\t<div class=\"elementor-widget-wrap elementor-element-populated\">\n\t\t\t\t\t\t\t\t<div class=\"elementor-element elementor-element-61fc912d elementor-widget elementor-widget-heading\" data-id=\"61fc912d\" data-element_type=\"widget\" data-widget_type=\"heading.default\">\n\t\t\t\t<div class=\"elementor-widget-container\">\n\t\t\t<h4 class=\"elementor-heading-title elementor-size-default\">stavebn\u00ed mosty<\/h4>\t\t<\/div>\n\t\t\t\t<\/div>\n\t\t\t\t<div class=\"elementor-element elementor-element-45f64028 elementor-widget-divider--view-line elementor-widget elementor-widget-divider\" data-id=\"45f64028\" data-element_type=\"widget\" data-widget_type=\"divider.default\">\n\t\t\t\t<div class=\"elementor-widget-container\">\n\t\t\t\t\t<div class=\"elementor-divider\">\n\t\t\t<span class=\"elementor-divider-separator\">\n\t\t\t\t\t\t<\/span>\n\t\t<\/div>\n\t\t\t\t<\/div>\n\t\t\t\t<\/div>\n\t\t\t\t<div class=\"elementor-element elementor-element-63016916 elementor-widget elementor-widget-heading\" data-id=\"63016916\" data-element_type=\"widget\" data-widget_type=\"heading.default\">\n\t\t\t\t<div class=\"elementor-widget-container\">\n\t\t\t<h1 class=\"elementor-heading-title elementor-size-default\">Pos\u00edlen\u00ed s\u00edt\u011b<\/h1>\t\t<\/div>\n\t\t\t\t<\/div>\n\t\t\t\t\t<\/div>\n\t\t<\/div>\n\t\t\t\t\t\t\t<\/div>\n\t\t<\/section>\n\t\t\t\t<section class=\"elementor-section elementor-top-section elementor-element elementor-element-e038bbd elementor-section-boxed elementor-section-height-default elementor-section-height-default\" data-id=\"e038bbd\" data-element_type=\"section\" data-settings=\"{&quot;background_background&quot;:&quot;classic&quot;}\">\n\t\t\t\t\t\t<div class=\"elementor-container elementor-column-gap-default\">\n\t\t\t\t\t<div class=\"elementor-column elementor-col-100 elementor-top-column elementor-element elementor-element-4473049\" data-id=\"4473049\" data-element_type=\"column\">\n\t\t\t<div class=\"elementor-widget-wrap elementor-element-populated\">\n\t\t\t\t\t\t\t\t<div class=\"elementor-element elementor-element-e3bf077 elementor-widget elementor-widget-heading\" data-id=\"e3bf077\" data-element_type=\"widget\" data-widget_type=\"heading.default\">\n\t\t\t\t<div class=\"elementor-widget-container\">\n\t\t\t<h2 class=\"elementor-heading-title elementor-size-default\">co d\u011bl\u00e1me<\/h2>\t\t<\/div>\n\t\t\t\t<\/div>\n\t\t\t\t<div class=\"elementor-element elementor-element-4dc5936 elementor-widget-divider--view-line elementor-widget elementor-widget-divider\" data-id=\"4dc5936\" data-element_type=\"widget\" data-widget_type=\"divider.default\">\n\t\t\t\t<div class=\"elementor-widget-container\">\n\t\t\t\t\t<div class=\"elementor-divider\">\n\t\t\t<span class=\"elementor-divider-separator\">\n\t\t\t\t\t\t<\/span>\n\t\t<\/div>\n\t\t\t\t<\/div>\n\t\t\t\t<\/div>\n\t\t\t\t<section class=\"elementor-section elementor-inner-section elementor-element elementor-element-5e29a35 elementor-section-content-top elementor-section-boxed elementor-section-height-default elementor-section-height-default\" data-id=\"5e29a35\" data-element_type=\"section\">\n\t\t\t\t\t\t<div class=\"elementor-container elementor-column-gap-extended\">\n\t\t\t\t\t<div class=\"elementor-column elementor-col-33 elementor-inner-column elementor-element elementor-element-97b62ee\" data-id=\"97b62ee\" data-element_type=\"column\">\n\t\t\t<div class=\"elementor-widget-wrap elementor-element-populated\">\n\t\t\t\t\t\t\t\t<div class=\"elementor-element elementor-element-1e477ff elementor-widget elementor-widget-heading\" data-id=\"1e477ff\" data-element_type=\"widget\" data-widget_type=\"heading.default\">\n\t\t\t\t<div class=\"elementor-widget-container\">\n\t\t\t<h3 class=\"elementor-heading-title elementor-size-default\">\u2014 YSOP<\/h3>\t\t<\/div>\n\t\t\t\t<\/div>\n\t\t\t\t<div class=\"elementor-element elementor-element-ab6fb18 elementor-widget elementor-widget-text-editor\" data-id=\"ab6fb18\" data-element_type=\"widget\" data-widget_type=\"text-editor.default\">\n\t\t\t\t<div class=\"elementor-widget-container\">\n\t\t\t\t\t\t\t<p>Mlad\u00e9 sestry \u0158\u00e1du kazatel\u016f (YSOP) je ka\u017edoro\u010dn\u00ed setk\u00e1n\u00ed, kter\u00e9 sdru\u017euje mlad\u00e9 dominik\u00e1nsk\u00e9 sestry po cel\u00e9 Evrop\u011b. Mlad\u00e9 dominik\u00e1nsk\u00e9 sestry zahrnuj\u00ed novicky a sestry s m\u00e9n\u011b ne\u017e 20 lety od profese. Podle pot\u0159eby budou zaji\u0161t\u011bny p\u0159eklady do r\u016fzn\u00fdch jazyk\u016f.<\/p>\t\t\t\t\t\t<\/div>\n\t\t\t\t<\/div>\n\t\t\t\t\t<\/div>\n\t\t<\/div>\n\t\t\t\t<div class=\"elementor-column elementor-col-33 elementor-inner-column elementor-element elementor-element-eb8348b\" data-id=\"eb8348b\" data-element_type=\"column\">\n\t\t\t<div class=\"elementor-widget-wrap elementor-element-populated\">\n\t\t\t\t\t\t\t\t<div class=\"elementor-element elementor-element-90c4aea elementor-widget elementor-widget-heading\" data-id=\"90c4aea\" data-element_type=\"widget\" data-widget_type=\"heading.default\">\n\t\t\t\t<div class=\"elementor-widget-container\">\n\t\t\t<h3 class=\"elementor-heading-title elementor-size-default\">- Dominik\u00e1nsk\u00e1 pou\u0165\n\n\n<\/h3>\t\t<\/div>\n\t\t\t\t<\/div>\n\t\t\t\t<div class=\"elementor-element elementor-element-8391010 elementor-widget elementor-widget-text-editor\" data-id=\"8391010\" data-element_type=\"widget\" data-widget_type=\"text-editor.default\">\n\t\t\t\t<div class=\"elementor-widget-container\">\n\t\t\t\t\t\t\t<p>Ka\u017edoro\u010dn\u00ed pou\u0165 je obvykle pl\u00e1nov\u00e1na po stop\u00e1ch sv. Dominika v r\u016fzn\u00fdch evropsk\u00fdch zem\u00edch. Pou\u0165 je otev\u0159en\u00e1 pro sestry v\u0161ech v\u011bkov\u00fdch skupin.<\/p>\t\t\t\t\t\t<\/div>\n\t\t\t\t<\/div>\n\t\t\t\t\t<\/div>\n\t\t<\/div>\n\t\t\t\t<div class=\"elementor-column elementor-col-33 elementor-inner-column elementor-element elementor-element-6033de4\" data-id=\"6033de4\" data-element_type=\"column\">\n\t\t\t<div class=\"elementor-widget-wrap elementor-element-populated\">\n\t\t\t\t\t\t\t\t<div class=\"elementor-element elementor-element-5bc5263 elementor-widget elementor-widget-heading\" data-id=\"5bc5263\" data-element_type=\"widget\" data-widget_type=\"heading.default\">\n\t\t\t\t<div class=\"elementor-widget-container\">\n\t\t\t<h3 class=\"elementor-heading-title elementor-size-default\">- Forma\u010dn\u00ed workshop pro sestry star\u0161\u00ed 50 let<\/h3>\t\t<\/div>\n\t\t\t\t<\/div>\n\t\t\t\t<div class=\"elementor-element elementor-element-8423c54 elementor-widget elementor-widget-text-editor\" data-id=\"8423c54\" data-element_type=\"widget\" data-widget_type=\"text-editor.default\">\n\t\t\t\t<div class=\"elementor-widget-container\">\n\t\t\t\t\t\t\t<p>Toto je nov\u00e1 ud\u00e1lost pl\u00e1novan\u00e1 spole\u010dnost\u00ed DSE pro sestry ve v\u011bku 50 a v\u00edce let. Sch\u016fzky jsou pl\u00e1nov\u00e1ny kolem permanentn\u00edch forma\u010dn\u00edch t\u00e9mat s c\u00edlem budovat a podporovat p\u0159\u00e1telstv\u00ed mezi sestrami.<\/p>\t\t\t\t\t\t<\/div>\n\t\t\t\t<\/div>\n\t\t\t\t\t<\/div>\n\t\t<\/div>\n\t\t\t\t\t\t\t<\/div>\n\t\t<\/section>\n\t\t\t\t<section class=\"elementor-section elementor-inner-section elementor-element elementor-element-e09fbf5 elementor-section-content-top elementor-section-boxed elementor-section-height-default elementor-section-height-default\" data-id=\"e09fbf5\" data-element_type=\"section\">\n\t\t\t\t\t\t<div class=\"elementor-container elementor-column-gap-wide\">\n\t\t\t\t\t<div class=\"elementor-column elementor-col-33 elementor-inner-column elementor-element elementor-element-f9fb7a1\" data-id=\"f9fb7a1\" data-element_type=\"column\">\n\t\t\t<div class=\"elementor-widget-wrap elementor-element-populated\">\n\t\t\t\t\t\t\t\t<div class=\"elementor-element elementor-element-ed50d53 elementor-widget elementor-widget-heading\" data-id=\"ed50d53\" data-element_type=\"widget\" data-widget_type=\"heading.default\">\n\t\t\t\t<div class=\"elementor-widget-container\">\n\t\t\t<h3 class=\"elementor-heading-title elementor-size-default\">- Setk\u00e1n\u00ed pro form\u00e1tory<\/h3>\t\t<\/div>\n\t\t\t\t<\/div>\n\t\t\t\t<div class=\"elementor-element elementor-element-2796468 elementor-widget elementor-widget-text-editor\" data-id=\"2796468\" data-element_type=\"widget\" data-widget_type=\"text-editor.default\">\n\t\t\t\t<div class=\"elementor-widget-container\">\n\t\t\t\t\t\t\t<p>DSE po\u0159\u00e1d\u00e1 bien\u00e1le workshopy pro form\u00e1tory se zam\u011b\u0159en\u00edm na specifick\u00e9 aspekty formace. Pozvan\u00ed p\u0159edn\u00e1\u0161ej\u00edc\u00ed jsou odborn\u00edci na dan\u00e9 t\u00e9ma a workshopy jsou zam\u011b\u0159eny na obohacen\u00ed form\u00e1tor\u016f nov\u00fdmi\npoznatky a poskytuj\u00ed jim p\u0159\u00edle\u017eitost pod\u011blit se o sv\u00e9 zku\u0161enosti a vym\u011b\u0148ovat si n\u00e1pady na st\u00e1lou a prob\u00edhaj\u00edc\u00ed formaci.<\/p>\t\t\t\t\t\t<\/div>\n\t\t\t\t<\/div>\n\t\t\t\t\t<\/div>\n\t\t<\/div>\n\t\t\t\t<div class=\"elementor-column elementor-col-33 elementor-inner-column elementor-element elementor-element-6b14fd4\" data-id=\"6b14fd4\" data-element_type=\"column\">\n\t\t\t<div class=\"elementor-widget-wrap elementor-element-populated\">\n\t\t\t\t\t\t\t\t<div class=\"elementor-element elementor-element-944d61a elementor-widget elementor-widget-heading\" data-id=\"944d61a\" data-element_type=\"widget\" data-widget_type=\"heading.default\">\n\t\t\t\t<div class=\"elementor-widget-container\">\n\t\t\t<h3 class=\"elementor-heading-title elementor-size-default\">- Letn\u00ed jazykov\u00e9 kurzy<\/h3>\t\t<\/div>\n\t\t\t\t<\/div>\n\t\t\t\t<div class=\"elementor-element elementor-element-98843a4 elementor-widget elementor-widget-text-editor\" data-id=\"98843a4\" data-element_type=\"widget\" data-widget_type=\"text-editor.default\">\n\t\t\t\t<div class=\"elementor-widget-container\">\n\t\t\t\t\t\t\t<p>Jazyk je nejn\u00e1ro\u010dn\u011bj\u0161\u00ed p\u0159ek\u00e1\u017ekou komunikace mezi evropsk\u00fdmi zem\u011bmi. Sestry v Irsku a \u0160pan\u011blsku byly ochotny p\u0159ij\u00edmat sestry z jin\u00fdch zem\u00ed, aby s nimi z\u016fstaly na kr\u00e1tkou dobu, obvykle b\u011bhem letn\u00edch pr\u00e1zdnin, a poskytly jim \u00favodn\u00ed kurz angli\u010dtiny \/ \u0161pan\u011bl\u0161tiny.<\/p>\t\t\t\t\t\t<\/div>\n\t\t\t\t<\/div>\n\t\t\t\t\t<\/div>\n\t\t<\/div>\n\t\t\t\t<div class=\"elementor-column elementor-col-33 elementor-inner-column elementor-element elementor-element-8defcb0\" data-id=\"8defcb0\" data-element_type=\"column\">\n\t\t\t<div class=\"elementor-widget-wrap elementor-element-populated\">\n\t\t\t\t\t\t\t\t<div class=\"elementor-element elementor-element-f5081eb elementor-widget elementor-widget-heading\" data-id=\"f5081eb\" data-element_type=\"widget\" data-widget_type=\"heading.default\">\n\t\t\t\t<div class=\"elementor-widget-container\">\n\t\t\t<h3 class=\"elementor-heading-title elementor-size-default\">\u2014 NGO presence at the UN commission<\/h3>\t\t<\/div>\n\t\t\t\t<\/div>\n\t\t\t\t<div class=\"elementor-element elementor-element-160e578 elementor-widget elementor-widget-text-editor\" data-id=\"160e578\" data-element_type=\"widget\" data-widget_type=\"text-editor.default\">\n\t\t\t\t<div class=\"elementor-widget-container\">\n\t\t\t\t\t\t\t<p>Ve spolupr\u00e1ci s mezin\u00e1rodn\u00edm promotorem spravedlnosti a m\u00edru v DSIC jsou vys\u00edl\u00e1ni z\u00e1stupci z r\u016fzn\u00fdch kontinent\u00e1ln\u00edch z\u00f3n, aby se z\u00fa\u010dastnili v\u00fdro\u010dn\u00ed komise OSN pro postaven\u00ed \u017een. To poskytuje p\u0159\u00edle\u017eitost sestr\u00e1m, kter\u00e9 pracuj\u00ed na nejni\u017e\u0161\u00ed \u00farovni pro pozvednut\u00ed d\u016fstojnosti \u017een a d\u00edvek, aby za\u017eily pr\u00e1ci OSN na toto t\u00e9matu.<\/p>\t\t\t\t\t\t<\/div>\n\t\t\t\t<\/div>\n\t\t\t\t\t<\/div>\n\t\t<\/div>\n\t\t\t\t\t\t\t<\/div>\n\t\t<\/section>\n\t\t\t\t\t<\/div>\n\t\t<\/div>\n\t\t\t\t\t\t\t<\/div>\n\t\t<\/section>\n\t\t\t\t<section class=\"elementor-section elementor-top-section elementor-element elementor-element-16280bd elementor-section-boxed elementor-section-height-default elementor-section-height-default\" data-id=\"16280bd\" data-element_type=\"section\" data-settings=\"{&quot;background_background&quot;:&quot;classic&quot;}\">\n\t\t\t\t\t\t<div class=\"elementor-container elementor-column-gap-default\">\n\t\t\t\t\t<div class=\"elementor-column elementor-col-100 elementor-top-column elementor-element elementor-element-71d672e\" data-id=\"71d672e\" data-element_type=\"column\">\n\t\t\t<div class=\"elementor-widget-wrap elementor-element-populated\">\n\t\t\t\t\t\t\t\t<div class=\"elementor-element elementor-element-3904c8a elementor-widget elementor-widget-heading\" data-id=\"3904c8a\" data-element_type=\"widget\" data-widget_type=\"heading.default\">\n\t\t\t\t<div class=\"elementor-widget-container\">\n\t\t\t<h2 class=\"elementor-heading-title elementor-size-default\">Na \u010dem n\u00e1m z\u00e1le\u017e\u00ed!<\/h2>\t\t<\/div>\n\t\t\t\t<\/div>\n\t\t\t\t<div class=\"elementor-element elementor-element-7a10433 elementor-widget-divider--view-line elementor-widget elementor-widget-divider\" data-id=\"7a10433\" data-element_type=\"widget\" data-widget_type=\"divider.default\">\n\t\t\t\t<div class=\"elementor-widget-container\">\n\t\t\t\t\t<div class=\"elementor-divider\">\n\t\t\t<span class=\"elementor-divider-separator\">\n\t\t\t\t\t\t<\/span>\n\t\t<\/div>\n\t\t\t\t<\/div>\n\t\t\t\t<\/div>\n\t\t\t\t<section class=\"elementor-section elementor-inner-section elementor-element elementor-element-5817f5b elementor-section-content-top elementor-section-boxed elementor-section-height-default elementor-section-height-default\" data-id=\"5817f5b\" data-element_type=\"section\">\n\t\t\t\t\t\t<div class=\"elementor-container elementor-column-gap-extended\">\n\t\t\t\t\t<div class=\"elementor-column elementor-col-33 elementor-inner-column elementor-element elementor-element-f337b0a\" data-id=\"f337b0a\" data-element_type=\"column\" data-settings=\"{&quot;background_background&quot;:&quot;classic&quot;}\">\n\t\t\t<div class=\"elementor-widget-wrap elementor-element-populated\">\n\t\t\t\t\t\t\t\t<div class=\"elementor-element elementor-element-b15dc65 elementor-widget elementor-widget-image\" data-id=\"b15dc65\" data-element_type=\"widget\" data-widget_type=\"image.default\">\n\t\t\t\t<div class=\"elementor-widget-container\">\n\t\t\t\t\t\t\t\t\t\t\t\t\t\t\t<img fetchpriority=\"high\" decoding=\"async\" width=\"872\" height=\"654\" src=\"https:\/\/dsieurope.op.org\/wp-content\/uploads\/2020\/07\/IMG_7684.jpeg\" class=\"attachment-large size-large wp-image-1247\" alt=\"\" srcset=\"https:\/\/dsieurope.op.org\/wp-content\/uploads\/2020\/07\/IMG_7684.jpeg 872w, https:\/\/dsieurope.op.org\/wp-content\/uploads\/2020\/07\/IMG_7684-300x225.jpeg 300w, https:\/\/dsieurope.op.org\/wp-content\/uploads\/2020\/07\/IMG_7684-768x576.jpeg 768w\" sizes=\"(max-width: 872px) 100vw, 872px\" \/>\t\t\t\t\t\t\t\t\t\t\t\t\t\t\t<\/div>\n\t\t\t\t<\/div>\n\t\t\t\t<div class=\"elementor-element elementor-element-d8e0125 elementor-widget elementor-widget-heading\" data-id=\"d8e0125\" data-element_type=\"widget\" data-widget_type=\"heading.default\">\n\t\t\t\t<div class=\"elementor-widget-container\">\n\t\t\t<h5 class=\"elementor-heading-title elementor-size-default\">SOLIDARITA <\/h5>\t\t<\/div>\n\t\t\t\t<\/div>\n\t\t\t\t\t<\/div>\n\t\t<\/div>\n\t\t\t\t<div class=\"elementor-column elementor-col-33 elementor-inner-column elementor-element elementor-element-d165f90\" data-id=\"d165f90\" data-element_type=\"column\" data-settings=\"{&quot;background_background&quot;:&quot;classic&quot;}\">\n\t\t\t<div class=\"elementor-widget-wrap elementor-element-populated\">\n\t\t\t\t\t\t\t\t<div class=\"elementor-element elementor-element-690d55b elementor-widget elementor-widget-image\" data-id=\"690d55b\" data-element_type=\"widget\" data-widget_type=\"image.default\">\n\t\t\t\t<div class=\"elementor-widget-container\">\n\t\t\t\t\t\t\t\t\t\t\t\t\t\t\t<img decoding=\"async\" width=\"768\" height=\"576\" src=\"https:\/\/dsieurope.op.org\/wp-content\/uploads\/2020\/07\/UNcommision2019.jpg\" class=\"attachment-full size-full wp-image-1188\" alt=\"\" srcset=\"https:\/\/dsieurope.op.org\/wp-content\/uploads\/2020\/07\/UNcommision2019.jpg 768w, https:\/\/dsieurope.op.org\/wp-content\/uploads\/2020\/07\/UNcommision2019-300x225.jpg 300w\" sizes=\"(max-width: 768px) 100vw, 768px\" \/>\t\t\t\t\t\t\t\t\t\t\t\t\t\t\t<\/div>\n\t\t\t\t<\/div>\n\t\t\t\t<div class=\"elementor-element elementor-element-dc09588 elementor-widget elementor-widget-heading\" data-id=\"dc09588\" data-element_type=\"widget\" data-widget_type=\"heading.default\">\n\t\t\t\t<div class=\"elementor-widget-container\">\n\t\t\t<h5 class=\"elementor-heading-title elementor-size-default\"><a href=\"https:\/\/dsieurope.org\/justice-peace\/\" target=\"_blank\" rel=\"noopener\">Spravedlnost a m\u00edr<\/a><\/h5>\t\t<\/div>\n\t\t\t\t<\/div>\n\t\t\t\t\t<\/div>\n\t\t<\/div>\n\t\t\t\t<div class=\"elementor-column elementor-col-33 elementor-inner-column elementor-element elementor-element-110db54\" data-id=\"110db54\" data-element_type=\"column\" data-settings=\"{&quot;background_background&quot;:&quot;classic&quot;}\">\n\t\t\t<div class=\"elementor-widget-wrap elementor-element-populated\">\n\t\t\t\t\t\t\t\t<div class=\"elementor-element elementor-element-acd14d5 elementor-widget elementor-widget-image\" data-id=\"acd14d5\" data-element_type=\"widget\" data-widget_type=\"image.default\">\n\t\t\t\t<div class=\"elementor-widget-container\">\n\t\t\t\t\t\t\t\t\t\t\t\t\t\t\t<img decoding=\"async\" width=\"872\" height=\"654\" src=\"https:\/\/dsieurope.op.org\/wp-content\/uploads\/2020\/07\/IMG_20180427_154324.jpg\" class=\"attachment-full size-full wp-image-1204\" alt=\"\" srcset=\"https:\/\/dsieurope.op.org\/wp-content\/uploads\/2020\/07\/IMG_20180427_154324.jpg 872w, https:\/\/dsieurope.op.org\/wp-content\/uploads\/2020\/07\/IMG_20180427_154324-300x225.jpg 300w, https:\/\/dsieurope.op.org\/wp-content\/uploads\/2020\/07\/IMG_20180427_154324-768x576.jpg 768w\" sizes=\"(max-width: 872px) 100vw, 872px\" \/>\t\t\t\t\t\t\t\t\t\t\t\t\t\t\t<\/div>\n\t\t\t\t<\/div>\n\t\t\t\t<div class=\"elementor-element elementor-element-5ea444a elementor-widget elementor-widget-heading\" data-id=\"5ea444a\" data-element_type=\"widget\" data-widget_type=\"heading.default\">\n\t\t\t\t<div class=\"elementor-widget-container\">\n\t\t\t<h5 class=\"elementor-heading-title elementor-size-default\">P\u0159\u00e1telstv\u00e9<\/h5>\t\t<\/div>\n\t\t\t\t<\/div>\n\t\t\t\t\t<\/div>\n\t\t<\/div>\n\t\t\t\t\t\t\t<\/div>\n\t\t<\/section>\n\t\t\t\t\t<\/div>\n\t\t<\/div>\n\t\t\t\t\t\t\t<\/div>\n\t\t<\/section>\n\t\t\t\t\t\t\t<\/div>","protected":false},"excerpt":{"rendered":"<p>building bridges Strengthening network What We Do \u2014 YSOP Young Sisters of the Order of Preachers (YSOP) is a yearly meeting that brings together young dominican sisters across Europe. Young dominican sisters includes novices and sisters with less than 20 years of professed life. Translations for different languages will be provided as necessary. \u2014 Dominican &hellip;<\/p>\n<p class=\"read-more\"> <a class=\"\" href=\"https:\/\/dsieurope.op.org\/cs\/what-we-do\/\"> <span class=\"screen-reader-text\">co d\u011bl\u00e1me<\/span> Pokra\u010dovat ve \u010dten\u00ed &raquo;<\/a><\/p>","protected":false},"author":2,"featured_media":0,"parent":0,"menu_order":0,"comment_status":"closed","ping_status":"closed","template":"","meta":{"site-sidebar-layout":"no-sidebar","site-content-layout":"page-builder","ast-site-content-layout":"","site-content-style":"default","site-sidebar-style":"default","ast-global-header-display":"","ast-banner-title-visibility":"","ast-main-header-display":"","ast-hfb-above-header-display":"","ast-hfb-below-header-display":"","ast-hfb-mobile-header-display":"","site-post-title":"disabled","ast-breadcrumbs-content":"","ast-featured-img":"disabled","footer-sml-layout":"","theme-transparent-header-meta":"default","adv-header-id-meta":"","stick-header-meta":"","header-above-stick-meta":"","header-main-stick-meta":"","header-below-stick-meta":"","astra-migrate-meta-layouts":"","ast-page-background-enabled":"default","ast-page-background-meta":{"desktop":{"background-color":"","background-image":"","background-repeat":"repeat","background-position":"center center","background-size":"auto","background-attachment":"scroll","background-type":"","background-media":"","overlay-type":"","overlay-color":"","overlay-gradient":""},"tablet":{"background-color":"","background-image":"","background-repeat":"repeat","background-position":"center center","background-size":"auto","background-attachment":"scroll","background-type":"","background-media":"","overlay-type":"","overlay-color":"","overlay-gradient":""},"mobile":{"background-color":"","background-image":"","background-repeat":"repeat","background-position":"center center","background-size":"auto","background-attachment":"scroll","background-type":"","background-media":"","overlay-type":"","overlay-color":"","overlay-gradient":""}},"ast-content-background-meta":{"desktop":{"background-color":"var(--ast-global-color-5)","background-image":"","background-repeat":"repeat","background-position":"center center","background-size":"auto","background-attachment":"scroll","background-type":"","background-media":"","overlay-type":"","overlay-color":"","overlay-gradient":""},"tablet":{"background-color":"var(--ast-global-color-5)","background-image":"","background-repeat":"repeat","background-position":"center center","background-size":"auto","background-attachment":"scroll","background-type":"","background-media":"","overlay-type":"","overlay-color":"","overlay-gradient":""},"mobile":{"background-color":"var(--ast-global-color-5)","background-image":"","background-repeat":"repeat","background-position":"center center","background-size":"auto","background-attachment":"scroll","background-type":"","background-media":"","overlay-type":"","overlay-color":"","overlay-gradient":""}},"footnotes":""},"class_list":["post-1174","page","type-page","status-publish","hentry"],"_links":{"self":[{"href":"https:\/\/dsieurope.op.org\/cs\/wp-json\/wp\/v2\/pages\/1174","targetHints":{"allow":["GET"]}}],"collection":[{"href":"https:\/\/dsieurope.op.org\/cs\/wp-json\/wp\/v2\/pages"}],"about":[{"href":"https:\/\/dsieurope.op.org\/cs\/wp-json\/wp\/v2\/types\/page"}],"author":[{"embeddable":true,"href":"https:\/\/dsieurope.op.org\/cs\/wp-json\/wp\/v2\/users\/2"}],"replies":[{"embeddable":true,"href":"https:\/\/dsieurope.op.org\/cs\/wp-json\/wp\/v2\/comments?post=1174"}],"version-history":[{"count":18,"href":"https:\/\/dsieurope.op.org\/cs\/wp-json\/wp\/v2\/pages\/1174\/revisions"}],"predecessor-version":[{"id":3654,"href":"https:\/\/dsieurope.op.org\/cs\/wp-json\/wp\/v2\/pages\/1174\/revisions\/3654"}],"wp:attachment":[{"href":"https:\/\/dsieurope.op.org\/cs\/wp-json\/wp\/v2\/media?parent=1174"}],"curies":[{"name":"wp","href":"https:\/\/api.w.org\/{rel}","templated":true}]}}