{"id":1172,"date":"2018-02-23T12:13:14","date_gmt":"2018-02-23T12:13:14","guid":{"rendered":"https:\/\/dsieurope.org\/home\/"},"modified":"2024-10-23T13:38:19","modified_gmt":"2024-10-23T13:38:19","slug":"home","status":"publish","type":"page","link":"https:\/\/dsieurope.op.org\/de\/","title":{"rendered":"Home"},"content":{"rendered":"<div data-elementor-type=\"wp-post\" data-elementor-id=\"1172\" class=\"elementor elementor-1172\">\n\t\t\t\t\t\t\t\t\t<section class=\"elementor-section elementor-top-section elementor-element elementor-element-8a0de87 elementor-section-boxed elementor-section-height-default elementor-section-height-default\" data-id=\"8a0de87\" data-element_type=\"section\" data-settings=\"{&quot;background_background&quot;:&quot;classic&quot;}\">\n\t\t\t\t\t\t\t<div class=\"elementor-background-overlay\"><\/div>\n\t\t\t\t\t\t\t<div class=\"elementor-container elementor-column-gap-wide\">\n\t\t\t\t\t<div class=\"elementor-column elementor-col-100 elementor-top-column elementor-element elementor-element-2b507b5\" data-id=\"2b507b5\" data-element_type=\"column\">\n\t\t\t<div class=\"elementor-widget-wrap elementor-element-populated\">\n\t\t\t\t\t\t\t\t<div class=\"elementor-element elementor-element-0bdf123 elementor-widget elementor-widget-heading\" data-id=\"0bdf123\" data-element_type=\"widget\" data-widget_type=\"heading.default\">\n\t\t\t\t<div class=\"elementor-widget-container\">\n\t\t\t<h4 class=\"elementor-heading-title elementor-size-small\">Schwestern zusammenbringen<\/h4>\t\t<\/div>\n\t\t\t\t<\/div>\n\t\t\t\t<div class=\"elementor-element elementor-element-4e0afc4 elementor-widget-divider--view-line elementor-widget elementor-widget-divider\" data-id=\"4e0afc4\" data-element_type=\"widget\" data-widget_type=\"divider.default\">\n\t\t\t\t<div class=\"elementor-widget-container\">\n\t\t\t\t\t<div class=\"elementor-divider\">\n\t\t\t<span class=\"elementor-divider-separator\">\n\t\t\t\t\t\t<\/span>\n\t\t<\/div>\n\t\t\t\t<\/div>\n\t\t\t\t<\/div>\n\t\t\t\t<div class=\"elementor-element elementor-element-749c1fd elementor-widget elementor-widget-heading\" data-id=\"749c1fd\" data-element_type=\"widget\" data-widget_type=\"heading.default\">\n\t\t\t\t<div class=\"elementor-widget-container\">\n\t\t\t<h1 class=\"elementor-heading-title elementor-size-small\">Unterst\u00fctzung der l\u00e4nder\u00fcbergreifenden Zusammenarbeit <\/h1>\t\t<\/div>\n\t\t\t\t<\/div>\n\t\t\t\t\t<\/div>\n\t\t<\/div>\n\t\t\t\t\t\t\t<\/div>\n\t\t<\/section>\n\t\t\t\t<section class=\"elementor-section elementor-top-section elementor-element elementor-element-e0efb15 elementor-section-boxed elementor-section-height-default elementor-section-height-default\" data-id=\"e0efb15\" data-element_type=\"section\" data-settings=\"{&quot;background_background&quot;:&quot;classic&quot;}\">\n\t\t\t\t\t\t<div class=\"elementor-container elementor-column-gap-default\">\n\t\t\t\t\t<div class=\"elementor-column elementor-col-100 elementor-top-column elementor-element elementor-element-ba125b4\" data-id=\"ba125b4\" data-element_type=\"column\">\n\t\t\t<div class=\"elementor-widget-wrap elementor-element-populated\">\n\t\t\t\t\t\t\t\t<div class=\"elementor-element elementor-element-96c594b elementor-widget elementor-widget-heading\" data-id=\"96c594b\" data-element_type=\"widget\" data-widget_type=\"heading.default\">\n\t\t\t\t<div class=\"elementor-widget-container\">\n\t\t\t<h2 class=\"elementor-heading-title elementor-size-large\">DSE - Dominican sisters Europe<\/h2>\t\t<\/div>\n\t\t\t\t<\/div>\n\t\t\t\t<div class=\"elementor-element elementor-element-93cd944 elementor-widget-divider--view-line elementor-widget elementor-widget-divider\" data-id=\"93cd944\" data-element_type=\"widget\" data-widget_type=\"divider.default\">\n\t\t\t\t<div class=\"elementor-widget-container\">\n\t\t\t\t\t<div class=\"elementor-divider\">\n\t\t\t<span class=\"elementor-divider-separator\">\n\t\t\t\t\t\t<\/span>\n\t\t<\/div>\n\t\t\t\t<\/div>\n\t\t\t\t<\/div>\n\t\t\t\t<section class=\"elementor-section elementor-inner-section elementor-element elementor-element-073b1e1 elementor-section-content-middle elementor-section-boxed elementor-section-height-default elementor-section-height-default\" data-id=\"073b1e1\" data-element_type=\"section\">\n\t\t\t\t\t\t<div class=\"elementor-container elementor-column-gap-no\">\n\t\t\t\t\t<div class=\"elementor-column elementor-col-50 elementor-inner-column elementor-element elementor-element-e39c955\" data-id=\"e39c955\" data-element_type=\"column\">\n\t\t\t<div class=\"elementor-widget-wrap elementor-element-populated\">\n\t\t\t\t\t\t\t\t<div class=\"elementor-element elementor-element-502fa4f elementor-widget elementor-widget-text-editor\" data-id=\"502fa4f\" data-element_type=\"widget\" data-widget_type=\"text-editor.default\">\n\t\t\t\t<div class=\"elementor-widget-container\">\n\t\t\t\t\t\t\t<p>Dominican Sisters Europe (DSE) ist ein Zweig der Dominican Sisters International (<a href=\"http:\/\/www.dsiop.org\/about-us\/\" target=\"_blank\" rel=\"noopener\">DSI<\/a>) Bewegung. Die DSI wurde im Mai 1995 gegr\u00fcndet, um die weltweite Zusammenarbeit zwischen den Dominikanerinnen des apostolischen Lebens in ihrer Predigtmission zu erleichtern. Bei der alle drei Jahre stattfindenden neunten Generalversammlung der DSI im Jahr 2019 wurde die Internationale Konf\u00f6deration der Dominikanerinnen (DSIC) als eine nat\u00fcrliche Weiterentwicklung von DSI gegr\u00fcndet.<\/p><p data-adtags-visited=\"true\">Das internationale Netzwerk ist geographisch nach Kontinenten gruppiert: Europa, Afrika, Asien &amp; Pazifik, Nord- &amp; S\u00fcdamerika und Karibik. Jede Gruppe ist weiter nach Regionen organisiert. Die Dominikanerinnen in Europa sind nach Sprachen in sieben Regionalgruppen organisiert, umfassen 79 Kongregationen in 29 L\u00e4ndern und decken mehr als 20 Sprachen ab.<\/p>\t\t\t\t\t\t<\/div>\n\t\t\t\t<\/div>\n\t\t\t\t\t<\/div>\n\t\t<\/div>\n\t\t\t\t<div class=\"elementor-column elementor-col-50 elementor-inner-column elementor-element elementor-element-2775c09\" data-id=\"2775c09\" data-element_type=\"column\" data-settings=\"{&quot;background_background&quot;:&quot;classic&quot;}\">\n\t\t\t<div class=\"elementor-widget-wrap elementor-element-populated\">\n\t\t\t\t\t\t\t\t<div class=\"elementor-element elementor-element-ddaa1fb elementor-widget elementor-widget-image\" data-id=\"ddaa1fb\" data-element_type=\"widget\" data-widget_type=\"image.default\">\n\t\t\t\t<div class=\"elementor-widget-container\">\n\t\t\t\t\t\t\t\t\t\t\t\t\t\t\t<img fetchpriority=\"high\" decoding=\"async\" width=\"851\" height=\"1024\" src=\"https:\/\/dsieurope.op.org\/wp-content\/uploads\/2020\/07\/map_dse.png\" class=\"attachment-large size-large wp-image-1183\" alt=\"\" srcset=\"https:\/\/dsieurope.op.org\/wp-content\/uploads\/2020\/07\/map_dse.png 852w, https:\/\/dsieurope.op.org\/wp-content\/uploads\/2020\/07\/map_dse-249x300.png 249w, https:\/\/dsieurope.op.org\/wp-content\/uploads\/2020\/07\/map_dse-768x924.png 768w\" sizes=\"(max-width: 851px) 100vw, 851px\" \/>\t\t\t\t\t\t\t\t\t\t\t\t\t\t\t<\/div>\n\t\t\t\t<\/div>\n\t\t\t\t\t<\/div>\n\t\t<\/div>\n\t\t\t\t\t\t\t<\/div>\n\t\t<\/section>\n\t\t\t\t\t<\/div>\n\t\t<\/div>\n\t\t\t\t\t\t\t<\/div>\n\t\t<\/section>\n\t\t\t\t<section class=\"elementor-section elementor-top-section elementor-element elementor-element-804387e elementor-section-full_width elementor-section-content-middle elementor-section-height-default elementor-section-height-default\" data-id=\"804387e\" data-element_type=\"section\" data-settings=\"{&quot;background_background&quot;:&quot;classic&quot;}\">\n\t\t\t\t\t\t<div class=\"elementor-container elementor-column-gap-no\">\n\t\t\t\t\t<div class=\"elementor-column elementor-col-100 elementor-top-column elementor-element elementor-element-99aeabf\" data-id=\"99aeabf\" data-element_type=\"column\">\n\t\t\t<div class=\"elementor-widget-wrap elementor-element-populated\">\n\t\t\t\t\t\t\t\t<div class=\"elementor-element elementor-element-3e0cfd5 elementor-arrows-position-inside elementor-widget elementor-widget-image-carousel\" data-id=\"3e0cfd5\" data-element_type=\"widget\" data-settings=\"{&quot;slides_to_show&quot;:&quot;4&quot;,&quot;slides_to_scroll&quot;:&quot;1&quot;,&quot;navigation&quot;:&quot;arrows&quot;,&quot;autoplay_speed&quot;:2000,&quot;autoplay&quot;:&quot;yes&quot;,&quot;pause_on_hover&quot;:&quot;yes&quot;,&quot;pause_on_interaction&quot;:&quot;yes&quot;,&quot;infinite&quot;:&quot;yes&quot;,&quot;speed&quot;:500}\" data-widget_type=\"image-carousel.default\">\n\t\t\t\t<div class=\"elementor-widget-container\">\n\t\t\t\t\t<div class=\"elementor-image-carousel-wrapper swiper-container\" dir=\"ltr\">\n\t\t\t<div class=\"elementor-image-carousel swiper-wrapper\" aria-live=\"off\">\n\t\t\t\t\t\t\t\t<div class=\"swiper-slide\" role=\"group\" aria-roledescription=\"slide\" aria-label=\"1 von 13\"><figure class=\"swiper-slide-inner\"><img decoding=\"async\" class=\"swiper-slide-image\" src=\"https:\/\/dsieurope.op.org\/wp-content\/uploads\/2020\/07\/dsecouncil2019.jpg\" alt=\"dsecouncil2019\" \/><\/figure><\/div><div class=\"swiper-slide\" role=\"group\" aria-roledescription=\"slide\" aria-label=\"2 von 13\"><figure class=\"swiper-slide-inner\"><img decoding=\"async\" class=\"swiper-slide-image\" src=\"https:\/\/dsieurope.op.org\/wp-content\/uploads\/2020\/07\/UNcommision2019.jpg\" alt=\"UNcommision2019\" \/><\/figure><\/div><div class=\"swiper-slide\" role=\"group\" aria-roledescription=\"slide\" aria-label=\"3 von 13\"><figure class=\"swiper-slide-inner\"><img decoding=\"async\" class=\"swiper-slide-image\" src=\"https:\/\/dsieurope.op.org\/wp-content\/uploads\/2020\/07\/img_20200103_162337-1-768x576.jpg\" alt=\"img_20200103_162337\" \/><\/figure><\/div><div class=\"swiper-slide\" role=\"group\" aria-roledescription=\"slide\" aria-label=\"4 von 13\"><figure class=\"swiper-slide-inner\"><img decoding=\"async\" class=\"swiper-slide-image\" src=\"https:\/\/dsieurope.op.org\/wp-content\/uploads\/2020\/08\/IMG_6922-768x576.jpg\" alt=\"IMG_6922\" \/><\/figure><\/div><div class=\"swiper-slide\" role=\"group\" aria-roledescription=\"slide\" aria-label=\"5 von 13\"><figure class=\"swiper-slide-inner\"><img decoding=\"async\" class=\"swiper-slide-image\" src=\"https:\/\/dsieurope.op.org\/wp-content\/uploads\/2020\/07\/IMG_20180428_210239-768x576.jpg\" alt=\"IMG_20180428_210239\" \/><\/figure><\/div><div class=\"swiper-slide\" role=\"group\" aria-roledescription=\"slide\" aria-label=\"6 von 13\"><figure class=\"swiper-slide-inner\"><img decoding=\"async\" class=\"swiper-slide-image\" src=\"https:\/\/dsieurope.op.org\/wp-content\/uploads\/2020\/07\/IMG_7684-768x576.jpeg\" alt=\"IMG_7684\" \/><\/figure><\/div><div class=\"swiper-slide\" role=\"group\" aria-roledescription=\"slide\" aria-label=\"7 von 13\"><figure class=\"swiper-slide-inner\"><img decoding=\"async\" class=\"swiper-slide-image\" src=\"https:\/\/dsieurope.op.org\/wp-content\/uploads\/2020\/07\/IMG_20180427_084104-768x576.jpg\" alt=\"IMG_20180427_084104\" \/><\/figure><\/div><div class=\"swiper-slide\" role=\"group\" aria-roledescription=\"slide\" aria-label=\"8 von 13\"><figure class=\"swiper-slide-inner\"><img decoding=\"async\" class=\"swiper-slide-image\" src=\"https:\/\/dsieurope.op.org\/wp-content\/uploads\/2020\/08\/IMG_6913-768x576.jpg\" alt=\"IMG_6913\" \/><\/figure><\/div><div class=\"swiper-slide\" role=\"group\" aria-roledescription=\"slide\" aria-label=\"9 von 13\"><figure class=\"swiper-slide-inner\"><img decoding=\"async\" class=\"swiper-slide-image\" src=\"https:\/\/dsieurope.op.org\/wp-content\/uploads\/2020\/07\/img_20200104_112659-768x576.jpg\" alt=\"img_20200104_112659\" \/><\/figure><\/div><div class=\"swiper-slide\" role=\"group\" aria-roledescription=\"slide\" aria-label=\"10 von 13\"><figure class=\"swiper-slide-inner\"><img decoding=\"async\" class=\"swiper-slide-image\" src=\"https:\/\/dsieurope.op.org\/wp-content\/uploads\/2020\/08\/IMG_6916-768x576.jpg\" alt=\"IMG_6916\" \/><\/figure><\/div><div class=\"swiper-slide\" role=\"group\" aria-roledescription=\"slide\" aria-label=\"11 von 13\"><figure class=\"swiper-slide-inner\"><img decoding=\"async\" class=\"swiper-slide-image\" src=\"https:\/\/dsieurope.op.org\/wp-content\/uploads\/2020\/08\/UNADJUSTEDNONRAW_thumb_319-768x576.jpg\" alt=\"UNADJUSTEDNONRAW_thumb_319\" \/><\/figure><\/div><div class=\"swiper-slide\" role=\"group\" aria-roledescription=\"slide\" aria-label=\"12 von 13\"><figure class=\"swiper-slide-inner\"><img decoding=\"async\" class=\"swiper-slide-image\" src=\"https:\/\/dsieurope.op.org\/wp-content\/uploads\/2020\/08\/UNADJUSTEDNONRAW_thumb_30b6-768x576.jpg\" alt=\"UNADJUSTEDNONRAW_thumb_30b6\" \/><\/figure><\/div><div class=\"swiper-slide\" role=\"group\" aria-roledescription=\"slide\" aria-label=\"13 von 13\"><figure class=\"swiper-slide-inner\"><img decoding=\"async\" class=\"swiper-slide-image\" src=\"https:\/\/dsieurope.op.org\/wp-content\/uploads\/2020\/07\/IMG_20180715_135101-768x576.jpg\" alt=\"IMG_20180715_135101\" \/><\/figure><\/div>\t\t\t<\/div>\n\t\t\t\t\t\t\t\t\t\t\t\t<div class=\"elementor-swiper-button elementor-swiper-button-prev\" role=\"button\" tabindex=\"0\">\n\t\t\t\t\t\t<i aria-hidden=\"true\" class=\"eicon-chevron-left\"><\/i>\t\t\t\t\t<\/div>\n\t\t\t\t\t<div class=\"elementor-swiper-button elementor-swiper-button-next\" role=\"button\" tabindex=\"0\">\n\t\t\t\t\t\t<i aria-hidden=\"true\" class=\"eicon-chevron-right\"><\/i>\t\t\t\t\t<\/div>\n\t\t\t\t\n\t\t\t\t\t\t\t\t\t<\/div>\n\t\t\t\t<\/div>\n\t\t\t\t<\/div>\n\t\t\t\t\t<\/div>\n\t\t<\/div>\n\t\t\t\t\t\t\t<\/div>\n\t\t<\/section>\n\t\t\t\t<section class=\"elementor-section elementor-top-section elementor-element elementor-element-f279b3d elementor-section-boxed elementor-section-height-default elementor-section-height-default\" data-id=\"f279b3d\" data-element_type=\"section\" data-settings=\"{&quot;background_background&quot;:&quot;classic&quot;}\">\n\t\t\t\t\t\t<div class=\"elementor-container elementor-column-gap-default\">\n\t\t\t\t\t<div class=\"elementor-column elementor-col-100 elementor-top-column elementor-element elementor-element-8bd932e\" data-id=\"8bd932e\" data-element_type=\"column\">\n\t\t\t<div class=\"elementor-widget-wrap\">\n\t\t\t\t\t\t\t\t\t<\/div>\n\t\t<\/div>\n\t\t\t\t\t\t\t<\/div>\n\t\t<\/section>\n\t\t\t\t<section class=\"elementor-section elementor-top-section elementor-element elementor-element-620ae11 elementor-section-boxed elementor-section-height-default elementor-section-height-default\" data-id=\"620ae11\" data-element_type=\"section\">\n\t\t\t\t\t\t<div class=\"elementor-container elementor-column-gap-default\">\n\t\t\t\t\t<div class=\"elementor-column elementor-col-100 elementor-top-column elementor-element elementor-element-f053ac7\" data-id=\"f053ac7\" data-element_type=\"column\">\n\t\t\t<div class=\"elementor-widget-wrap elementor-element-populated\">\n\t\t\t\t\t\t\t\t<div class=\"elementor-element elementor-element-2863a0d elementor-widget elementor-widget-text-editor\" data-id=\"2863a0d\" data-element_type=\"widget\" data-widget_type=\"text-editor.default\">\n\t\t\t\t<div class=\"elementor-widget-container\">\n\t\t\t\t\t\t\t<h2 class=\"elementor-element elementor-element-4009eac elementor-widget elementor-widget-heading\" style=\"font-size: 15px; font-style: normal; font-weight: 400; flex-basis: var(--flex-basis); flex-grow: var(--flex-grow); flex-shrink: var(--flex-shrink); order: var(--order); align-self: var(--align-self); flex-direction: var(--flex-direction); flex-wrap: var(--flex-wrap); justify-content: var(--justify-content); align-items: var(--align-items); align-content: var(--align-content); gap: var(--gap); --swiper-theme-color: #000; --swiper-navigation-size: 44px; --swiper-pagination-bullet-size: 6px; --swiper-pagination-bullet-horizontal-gap: 6px; width: 1120px; text-align: left;\" data-id=\"4009eac\" data-element_type=\"widget\" data-widget_type=\"heading.default\"><span style=\"font-size: 1.4rem; font-weight: bold;\">OUR MISSION:<\/span><\/h2><section class=\"elementor-section elementor-inner-section elementor-element elementor-element-387e33fb elementor-section-content-top elementor-section-boxed elementor-section-height-default elementor-section-height-default\" style=\"flex-basis: var(--flex-basis); flex-grow: var(--flex-grow); flex-shrink: var(--flex-shrink); order: var(--order); align-self: var(--align-self); --swiper-theme-color: #000; --swiper-navigation-size: 44px; --swiper-pagination-bullet-size: 6px; --swiper-pagination-bullet-horizontal-gap: 6px; width: 1120px;\" data-id=\"387e33fb\" data-element_type=\"section\"><div class=\"elementor-container elementor-column-gap-extended\" style=\"font-size: 15px;\"><div class=\"elementor-column elementor-col-100 elementor-inner-column elementor-element elementor-element-38456aa9\" style=\"font-size: 15px; flex-basis: var(--flex-basis); flex-grow: var(--flex-grow); flex-shrink: var(--flex-shrink); order: var(--order); align-self: var(--align-self); --swiper-theme-color: #000; --swiper-navigation-size: 44px; --swiper-pagination-bullet-size: 6px; --swiper-pagination-bullet-horizontal-gap: 6px; width: 1120px;\" data-id=\"38456aa9\" data-element_type=\"column\"><div class=\"elementor-widget-wrap elementor-element-populated\" style=\"font-size: 15px; width: 1120px; --e-column-margin-right: 0px; --e-column-margin-left: 0px; align-items: flex-start;\"><div class=\"elementor-element elementor-element-6562128 elementor-widget elementor-widget-text-editor\" style=\"font-size: 15px; flex-basis: var(--flex-basis); flex-grow: var(--flex-grow); flex-shrink: var(--flex-shrink); order: var(--order); align-self: var(--align-self); flex-direction: var(--flex-direction); flex-wrap: var(--flex-wrap); justify-content: var(--justify-content); align-items: var(--align-items); align-content: var(--align-content); gap: var(--gap); --swiper-theme-color: #000; --swiper-navigation-size: 44px; --swiper-pagination-bullet-size: 6px; --swiper-pagination-bullet-horizontal-gap: 6px; width: 1090px;\" data-id=\"6562128\" data-element_type=\"widget\" data-widget_type=\"text-editor.default\"><div class=\"elementor-widget-container\" style=\"font-size: 15px; padding-bottom: 10px; transition: background .3s,border .3s,border-radius .3s,box-shadow .3s,transform var(--e-transform-transition-duration,.4s);\"><ul style=\"font-size: 15px;\"><li style=\"font-size: 15px;\"><h4>F\u00f6rderung der Ausbildung in der dominikanischen Spiritualit\u00e4t<\/h4><\/li><li style=\"font-size: 15px;\"><h4>Unterst\u00fctzung der Zusammenarbeit \u00fcber L\u00e4nder und Regionen hinweg<\/h4><\/li><li style=\"font-size: 15px;\"><h4>\u00a0Schwestern zusammenbringen, die in den gleichen Bereichen t\u00e4tig sind<\/h4><\/li><li style=\"font-size: 15px;\"><h4>\u00a0To Strengthen the networking, especially among the young\u00a0<span style=\"font-size: 1.4rem; font-weight: bold;\">Dominican sisters in Europe<\/span><\/h4><\/li><li style=\"font-size: 15px;\"><h4>Die Arbeit von Gerechtigkeit und Frieden f\u00f6rdern<\/h4><\/li><\/ul><\/div><\/div><\/div><\/div><\/div><\/section>\t\t\t\t\t\t<\/div>\n\t\t\t\t<\/div>\n\t\t\t\t\t<\/div>\n\t\t<\/div>\n\t\t\t\t\t\t\t<\/div>\n\t\t<\/section>\n\t\t\t\t\t\t\t<\/div>","protected":false},"excerpt":{"rendered":"<p>bringing sisters together Supporting collaboration across countries DSE &#8211; Dominican sisters Europe Dominican Sisters Europe (DSE) is a branch of the Dominican Sisters International (DSI) movement. DSI was founded in May 1995 to faciliate worldwide collaborations among the Dominican sisters of apostolic life in their preaching mission. At the ninth triennial general assembly of DSI &hellip;<\/p>\n<p class=\"read-more\"> <a class=\"\" href=\"https:\/\/dsieurope.op.org\/de\/\"> <span class=\"screen-reader-text\">Home<\/span> Weiterlesen &raquo;<\/a><\/p>","protected":false},"author":2,"featured_media":0,"parent":0,"menu_order":0,"comment_status":"closed","ping_status":"closed","template":"","meta":{"site-sidebar-layout":"no-sidebar","site-content-layout":"page-builder","ast-site-content-layout":"full-width-container","site-content-style":"unboxed","site-sidebar-style":"unboxed","ast-global-header-display":"","ast-banner-title-visibility":"","ast-main-header-display":"","ast-hfb-above-header-display":"","ast-hfb-below-header-display":"","ast-hfb-mobile-header-display":"","site-post-title":"","ast-breadcrumbs-content":"","ast-featured-img":"","footer-sml-layout":"","theme-transparent-header-meta":"default","adv-header-id-meta":"","stick-header-meta":"","header-above-stick-meta":"","header-main-stick-meta":"","header-below-stick-meta":"","astra-migrate-meta-layouts":"set","ast-page-background-enabled":"default","ast-page-background-meta":{"desktop":{"background-color":"","background-image":"","background-repeat":"repeat","background-position":"center center","background-size":"auto","background-attachment":"scroll","background-type":"","background-media":"","overlay-type":"","overlay-color":"","overlay-gradient":""},"tablet":{"background-color":"","background-image":"","background-repeat":"repeat","background-position":"center center","background-size":"auto","background-attachment":"scroll","background-type":"","background-media":"","overlay-type":"","overlay-color":"","overlay-gradient":""},"mobile":{"background-color":"","background-image":"","background-repeat":"repeat","background-position":"center center","background-size":"auto","background-attachment":"scroll","background-type":"","background-media":"","overlay-type":"","overlay-color":"","overlay-gradient":""}},"ast-content-background-meta":{"desktop":{"background-color":"var(--ast-global-color-5)","background-image":"","background-repeat":"repeat","background-position":"center center","background-size":"auto","background-attachment":"scroll","background-type":"","background-media":"","overlay-type":"","overlay-color":"","overlay-gradient":""},"tablet":{"background-color":"var(--ast-global-color-5)","background-image":"","background-repeat":"repeat","background-position":"center center","background-size":"auto","background-attachment":"scroll","background-type":"","background-media":"","overlay-type":"","overlay-color":"","overlay-gradient":""},"mobile":{"background-color":"var(--ast-global-color-5)","background-image":"","background-repeat":"repeat","background-position":"center center","background-size":"auto","background-attachment":"scroll","background-type":"","background-media":"","overlay-type":"","overlay-color":"","overlay-gradient":""}},"footnotes":""},"class_list":["post-1172","page","type-page","status-publish","hentry"],"_links":{"self":[{"href":"https:\/\/dsieurope.op.org\/de\/wp-json\/wp\/v2\/pages\/1172","targetHints":{"allow":["GET"]}}],"collection":[{"href":"https:\/\/dsieurope.op.org\/de\/wp-json\/wp\/v2\/pages"}],"about":[{"href":"https:\/\/dsieurope.op.org\/de\/wp-json\/wp\/v2\/types\/page"}],"author":[{"embeddable":true,"href":"https:\/\/dsieurope.op.org\/de\/wp-json\/wp\/v2\/users\/2"}],"replies":[{"embeddable":true,"href":"https:\/\/dsieurope.op.org\/de\/wp-json\/wp\/v2\/comments?post=1172"}],"version-history":[{"count":78,"href":"https:\/\/dsieurope.op.org\/de\/wp-json\/wp\/v2\/pages\/1172\/revisions"}],"predecessor-version":[{"id":3752,"href":"https:\/\/dsieurope.op.org\/de\/wp-json\/wp\/v2\/pages\/1172\/revisions\/3752"}],"wp:attachment":[{"href":"https:\/\/dsieurope.op.org\/de\/wp-json\/wp\/v2\/media?parent=1172"}],"curies":[{"name":"wp","href":"https:\/\/api.w.org\/{rel}","templated":true}]}}