{"id":1175,"date":"2018-02-23T12:15:24","date_gmt":"2018-02-23T12:15:24","guid":{"rendered":"https:\/\/dsieurope.org\/our-partners\/"},"modified":"2024-10-22T13:58:28","modified_gmt":"2024-10-22T13:58:28","slug":"events","status":"publish","type":"page","link":"https:\/\/dsieurope.op.org\/it\/events\/","title":{"rendered":"eventi"},"content":{"rendered":"<div data-elementor-type=\"wp-post\" data-elementor-id=\"1175\" class=\"elementor elementor-1175\">\n\t\t\t\t\t\t\t\t\t<section class=\"elementor-section elementor-top-section elementor-element elementor-element-62c6e8cb elementor-section-content-middle elementor-section-boxed elementor-section-height-default elementor-section-height-default\" data-id=\"62c6e8cb\" data-element_type=\"section\" data-settings=\"{&quot;background_background&quot;:&quot;classic&quot;}\">\n\t\t\t\t\t\t\t<div class=\"elementor-background-overlay\"><\/div>\n\t\t\t\t\t\t\t<div class=\"elementor-container elementor-column-gap-wide\">\n\t\t\t\t\t<div class=\"elementor-column elementor-col-100 elementor-top-column elementor-element elementor-element-1adcf773\" data-id=\"1adcf773\" data-element_type=\"column\">\n\t\t\t<div class=\"elementor-widget-wrap elementor-element-populated\">\n\t\t\t\t\t\t\t\t<div class=\"elementor-element elementor-element-3184caf8 elementor-widget elementor-widget-heading\" data-id=\"3184caf8\" data-element_type=\"widget\" data-widget_type=\"heading.default\">\n\t\t\t\t<div class=\"elementor-widget-container\">\n\t\t\t<h4 class=\"elementor-heading-title elementor-size-default\"> <\/h4>\t\t<\/div>\n\t\t\t\t<\/div>\n\t\t\t\t<div class=\"elementor-element elementor-element-47757d77 elementor-widget elementor-widget-heading\" data-id=\"47757d77\" data-element_type=\"widget\" data-widget_type=\"heading.default\">\n\t\t\t\t<div class=\"elementor-widget-container\">\n\t\t\t<h1 class=\"elementor-heading-title elementor-size-default\">SALVA LA DATA<\/h1>\t\t<\/div>\n\t\t\t\t<\/div>\n\t\t\t\t<div class=\"elementor-element elementor-element-1a645069 elementor-widget-divider--view-line elementor-widget elementor-widget-divider\" data-id=\"1a645069\" data-element_type=\"widget\" data-widget_type=\"divider.default\">\n\t\t\t\t<div class=\"elementor-widget-container\">\n\t\t\t\t\t<div class=\"elementor-divider\">\n\t\t\t<span class=\"elementor-divider-separator\">\n\t\t\t\t\t\t<\/span>\n\t\t<\/div>\n\t\t\t\t<\/div>\n\t\t\t\t<\/div>\n\t\t\t\t\t<\/div>\n\t\t<\/div>\n\t\t\t\t\t\t\t<\/div>\n\t\t<\/section>\n\t\t\t\t<section class=\"elementor-section elementor-top-section elementor-element elementor-element-3ff8c572 elementor-section-boxed elementor-section-height-default elementor-section-height-default\" data-id=\"3ff8c572\" data-element_type=\"section\" data-settings=\"{&quot;background_background&quot;:&quot;classic&quot;}\">\n\t\t\t\t\t\t<div class=\"elementor-container elementor-column-gap-default\">\n\t\t\t\t\t<div class=\"elementor-column elementor-col-100 elementor-top-column elementor-element elementor-element-f461fff\" data-id=\"f461fff\" data-element_type=\"column\">\n\t\t\t<div class=\"elementor-widget-wrap elementor-element-populated\">\n\t\t\t\t\t\t\t\t<div class=\"elementor-element elementor-element-74b42a2a elementor-widget elementor-widget-heading\" data-id=\"74b42a2a\" data-element_type=\"widget\" data-widget_type=\"heading.default\">\n\t\t\t\t<div class=\"elementor-widget-container\">\n\t\t\t<h2 class=\"elementor-heading-title elementor-size-default\">PROSSIMI EVENTI<\/h2>\t\t<\/div>\n\t\t\t\t<\/div>\n\t\t\t\t<div class=\"elementor-element elementor-element-342b124c elementor-widget-divider--view-line elementor-widget elementor-widget-divider\" data-id=\"342b124c\" data-element_type=\"widget\" data-widget_type=\"divider.default\">\n\t\t\t\t<div class=\"elementor-widget-container\">\n\t\t\t\t\t<div class=\"elementor-divider\">\n\t\t\t<span class=\"elementor-divider-separator\">\n\t\t\t\t\t\t<\/span>\n\t\t<\/div>\n\t\t\t\t<\/div>\n\t\t\t\t<\/div>\n\t\t\t\t<section class=\"elementor-section elementor-inner-section elementor-element elementor-element-82109f8 elementor-section-content-top elementor-section-boxed elementor-section-height-default elementor-section-height-default\" data-id=\"82109f8\" data-element_type=\"section\">\n\t\t\t\t\t\t<div class=\"elementor-container elementor-column-gap-extended\">\n\t\t\t\t\t<div class=\"elementor-column elementor-col-50 elementor-inner-column elementor-element elementor-element-d34ceed\" data-id=\"d34ceed\" data-element_type=\"column\">\n\t\t\t<div class=\"elementor-widget-wrap elementor-element-populated\">\n\t\t\t\t\t\t\t\t<div class=\"elementor-element elementor-element-9150db9 elementor-widget elementor-widget-image\" data-id=\"9150db9\" data-element_type=\"widget\" data-widget_type=\"image.default\">\n\t\t\t\t<div class=\"elementor-widget-container\">\n\t\t\t\t\t\t\t\t\t\t\t\t\t\t\t<img fetchpriority=\"high\" decoding=\"async\" width=\"2560\" height=\"1440\" src=\"https:\/\/dsieurope.op.org\/wp-content\/uploads\/2024\/02\/20240212_093835-scaled.jpg\" class=\"attachment-full size-full wp-image-3391\" alt=\"\" srcset=\"https:\/\/dsieurope.op.org\/wp-content\/uploads\/2024\/02\/20240212_093835-scaled.jpg 2560w, https:\/\/dsieurope.op.org\/wp-content\/uploads\/2024\/02\/20240212_093835-300x169.jpg 300w, https:\/\/dsieurope.op.org\/wp-content\/uploads\/2024\/02\/20240212_093835-1024x576.jpg 1024w, https:\/\/dsieurope.op.org\/wp-content\/uploads\/2024\/02\/20240212_093835-768x432.jpg 768w, https:\/\/dsieurope.op.org\/wp-content\/uploads\/2024\/02\/20240212_093835-1536x864.jpg 1536w, https:\/\/dsieurope.op.org\/wp-content\/uploads\/2024\/02\/20240212_093835-2048x1152.jpg 2048w, https:\/\/dsieurope.op.org\/wp-content\/uploads\/2024\/02\/20240212_093835-18x10.jpg 18w\" sizes=\"(max-width: 2560px) 100vw, 2560px\" \/>\t\t\t\t\t\t\t\t\t\t\t\t\t\t\t<\/div>\n\t\t\t\t<\/div>\n\t\t\t\t\t<\/div>\n\t\t<\/div>\n\t\t\t\t<div class=\"elementor-column elementor-col-50 elementor-inner-column elementor-element elementor-element-4f98c38\" data-id=\"4f98c38\" data-element_type=\"column\">\n\t\t\t<div class=\"elementor-widget-wrap elementor-element-populated\">\n\t\t\t\t\t\t\t\t<div class=\"elementor-element elementor-element-9d61c5f elementor-widget elementor-widget-heading\" data-id=\"9d61c5f\" data-element_type=\"widget\" data-widget_type=\"heading.default\">\n\t\t\t\t<div class=\"elementor-widget-container\">\n\t\t\t<h3 class=\"elementor-heading-title elementor-size-default\">Justice and Peace Sustainable Development Goals 3, 13, 16. Webinar 30 October 2024 8:00 AM EST<\/h3>\t\t<\/div>\n\t\t\t\t<\/div>\n\t\t\t\t<div class=\"elementor-element elementor-element-3e013b1 elementor-widget elementor-widget-text-editor\" data-id=\"3e013b1\" data-element_type=\"widget\" data-widget_type=\"text-editor.default\">\n\t\t\t\t<div class=\"elementor-widget-container\">\n\t\t\t\t\t\t\t<p><strong>Tema:<\/strong>\u00a0Webinar Sustainable development goals\u00a0<\/p><p><strong>Main speakers:<\/strong>\u00a0experienced sisters<\/p><h4 style=\"font-family: 'times new roman', 'new york', times, serif; font-size: 16px;\">The Dominicans sisters for justice and peace will be reflecting on some of the sustainable development goals as established by the United nations.<br \/>Please join us on 30 October 2024 for presentations from experienced sisters, and there will also be times for questions.<br \/>This will take place in English with Spanish translation.<br \/>The link for the zoom :\u00a0<a style=\"background-color: #ffffff;\" href=\"https:\/\/us02web.zoom.us\/meeting\/register\/tZUpfuygqjMsH9Lq54qPpkExGHQZ_0fXTpHj?_x_zm_rtaid=rYOlbZAVSZWOR2p26LhaJg.1729604952067.bbadb107fd34699be6bba1881fef8f01&amp;_x_zm_rhtaid=762#\/registration\" target=\"_blank\" rel=\"noopener\">Meeting Registration &#8211; Zoom<br \/><\/a>&#8212;&#8212;&#8212;&#8212;&#8212;&#8212;&#8212;&#8212;&#8212;&#8212;<wbr \/>&#8212;&#8212;&#8212;&#8212;-<br \/>Las hermanas dominicas por la justicia y la paz reflexionar\u00e1n sobre algunos de los objetivos de desarrollo sostenible establecidos por las Naciones Unidas.<br \/>Por favor, \u00fanase a nosotros el 30 de octubre de 2024 para las presentaciones de las hermanas con experiencia, y tambi\u00e9n habr\u00e1 tiempo para preguntas.<br \/>Esto tendr\u00e1 lugar en ingl\u00e9s con traducci\u00f3n al espa\u00f1ol.<br \/>El enlace para la reuni\u00f3n de zoom est\u00e1\u00a0<a style=\"font-weight: inherit; background-color: #ffffff;\" href=\"https:\/\/us02web.zoom.us\/meeting\/register\/tZUpfuygqjMsH9Lq54qPpkExGHQZ_0fXTpHj?_x_zm_rtaid=rYOlbZAVSZWOR2p26LhaJg.1729604952067.bbadb107fd34699be6bba1881fef8f01&amp;_x_zm_rhtaid=762#\/registration\" target=\"_blank\" rel=\"noopener\">MEETING REGISTRATION &#8211; ZOOM<\/a><\/h4><p>\u00a0<\/p><p>\u00a0<\/p><p>\u00a0<\/p>\t\t\t\t\t\t<\/div>\n\t\t\t\t<\/div>\n\t\t\t\t\t<\/div>\n\t\t<\/div>\n\t\t\t\t\t\t\t<\/div>\n\t\t<\/section>\n\t\t\t\t\t<\/div>\n\t\t<\/div>\n\t\t\t\t\t\t\t<\/div>\n\t\t<\/section>\n\t\t\t\t\t\t\t<\/div>","protected":false},"excerpt":{"rendered":"<p>SAVE THE DATE UPCOMING EVENTS Justice and Peace Sustainable Development Goals 3, 13, 16. Webinar 30 October 2024 8:00 AM EST Theme:\u00a0Webinar Sustainable development goals\u00a0 Main speakers:\u00a0experienced sisters The Dominicans sisters for justice and peace will be reflecting on some of the sustainable development goals as established by the United nations.Please join us on 30 &hellip;<\/p>\n<p class=\"read-more\"> <a class=\"\" href=\"https:\/\/dsieurope.op.org\/it\/events\/\"> <span class=\"screen-reader-text\">eventi<\/span> Leggi altro &raquo;<\/a><\/p>","protected":false},"author":2,"featured_media":0,"parent":0,"menu_order":0,"comment_status":"closed","ping_status":"closed","template":"","meta":{"site-sidebar-layout":"no-sidebar","site-content-layout":"page-builder","ast-site-content-layout":"","site-content-style":"default","site-sidebar-style":"default","ast-global-header-display":"","ast-banner-title-visibility":"","ast-main-header-display":"","ast-hfb-above-header-display":"","ast-hfb-below-header-display":"","ast-hfb-mobile-header-display":"","site-post-title":"disabled","ast-breadcrumbs-content":"","ast-featured-img":"disabled","footer-sml-layout":"","theme-transparent-header-meta":"default","adv-header-id-meta":"","stick-header-meta":"","header-above-stick-meta":"","header-main-stick-meta":"","header-below-stick-meta":"","astra-migrate-meta-layouts":"","ast-page-background-enabled":"default","ast-page-background-meta":{"desktop":{"background-color":"","background-image":"","background-repeat":"repeat","background-position":"center center","background-size":"auto","background-attachment":"scroll","background-type":"","background-media":"","overlay-type":"","overlay-color":"","overlay-gradient":""},"tablet":{"background-color":"","background-image":"","background-repeat":"repeat","background-position":"center center","background-size":"auto","background-attachment":"scroll","background-type":"","background-media":"","overlay-type":"","overlay-color":"","overlay-gradient":""},"mobile":{"background-color":"","background-image":"","background-repeat":"repeat","background-position":"center center","background-size":"auto","background-attachment":"scroll","background-type":"","background-media":"","overlay-type":"","overlay-color":"","overlay-gradient":""}},"ast-content-background-meta":{"desktop":{"background-color":"var(--ast-global-color-5)","background-image":"","background-repeat":"repeat","background-position":"center center","background-size":"auto","background-attachment":"scroll","background-type":"","background-media":"","overlay-type":"","overlay-color":"","overlay-gradient":""},"tablet":{"background-color":"var(--ast-global-color-5)","background-image":"","background-repeat":"repeat","background-position":"center center","background-size":"auto","background-attachment":"scroll","background-type":"","background-media":"","overlay-type":"","overlay-color":"","overlay-gradient":""},"mobile":{"background-color":"var(--ast-global-color-5)","background-image":"","background-repeat":"repeat","background-position":"center center","background-size":"auto","background-attachment":"scroll","background-type":"","background-media":"","overlay-type":"","overlay-color":"","overlay-gradient":""}},"footnotes":""},"class_list":["post-1175","page","type-page","status-publish","hentry"],"_links":{"self":[{"href":"https:\/\/dsieurope.op.org\/it\/wp-json\/wp\/v2\/pages\/1175","targetHints":{"allow":["GET"]}}],"collection":[{"href":"https:\/\/dsieurope.op.org\/it\/wp-json\/wp\/v2\/pages"}],"about":[{"href":"https:\/\/dsieurope.op.org\/it\/wp-json\/wp\/v2\/types\/page"}],"author":[{"embeddable":true,"href":"https:\/\/dsieurope.op.org\/it\/wp-json\/wp\/v2\/users\/2"}],"replies":[{"embeddable":true,"href":"https:\/\/dsieurope.op.org\/it\/wp-json\/wp\/v2\/comments?post=1175"}],"version-history":[{"count":213,"href":"https:\/\/dsieurope.op.org\/it\/wp-json\/wp\/v2\/pages\/1175\/revisions"}],"predecessor-version":[{"id":3507,"href":"https:\/\/dsieurope.op.org\/it\/wp-json\/wp\/v2\/pages\/1175\/revisions\/3507"}],"wp:attachment":[{"href":"https:\/\/dsieurope.op.org\/it\/wp-json\/wp\/v2\/media?parent=1175"}],"curies":[{"name":"wp","href":"https:\/\/api.w.org\/{rel}","templated":true}]}}