{"id":1174,"date":"2018-02-23T12:14:19","date_gmt":"2018-02-23T12:14:19","guid":{"rendered":"https:\/\/dsieurope.org\/what-we-do\/"},"modified":"2024-10-23T10:37:37","modified_gmt":"2024-10-23T10:37:37","slug":"what-we-do","status":"publish","type":"page","link":"https:\/\/dsieurope.op.org\/pl\/what-we-do\/","title":{"rendered":"co robimy"},"content":{"rendered":"<div data-elementor-type=\"wp-post\" data-elementor-id=\"1174\" class=\"elementor elementor-1174\">\n\t\t\t\t\t\t\t\t\t<section class=\"elementor-section elementor-top-section elementor-element elementor-element-6c41702b elementor-section-content-middle elementor-section-boxed elementor-section-height-default elementor-section-height-default\" data-id=\"6c41702b\" data-element_type=\"section\" data-settings=\"{&quot;background_background&quot;:&quot;classic&quot;}\">\n\t\t\t\t\t\t\t<div class=\"elementor-background-overlay\"><\/div>\n\t\t\t\t\t\t\t<div class=\"elementor-container elementor-column-gap-wide\">\n\t\t\t\t\t<div class=\"elementor-column elementor-col-100 elementor-top-column elementor-element elementor-element-443b0413\" data-id=\"443b0413\" data-element_type=\"column\">\n\t\t\t<div class=\"elementor-widget-wrap elementor-element-populated\">\n\t\t\t\t\t\t\t\t<div class=\"elementor-element elementor-element-61fc912d elementor-widget elementor-widget-heading\" data-id=\"61fc912d\" data-element_type=\"widget\" data-widget_type=\"heading.default\">\n\t\t\t\t<div class=\"elementor-widget-container\">\n\t\t\t<h4 class=\"elementor-heading-title elementor-size-default\">budowa most\u00f3w<\/h4>\t\t<\/div>\n\t\t\t\t<\/div>\n\t\t\t\t<div class=\"elementor-element elementor-element-45f64028 elementor-widget-divider--view-line elementor-widget elementor-widget-divider\" data-id=\"45f64028\" data-element_type=\"widget\" data-widget_type=\"divider.default\">\n\t\t\t\t<div class=\"elementor-widget-container\">\n\t\t\t\t\t<div class=\"elementor-divider\">\n\t\t\t<span class=\"elementor-divider-separator\">\n\t\t\t\t\t\t<\/span>\n\t\t<\/div>\n\t\t\t\t<\/div>\n\t\t\t\t<\/div>\n\t\t\t\t<div class=\"elementor-element elementor-element-63016916 elementor-widget elementor-widget-heading\" data-id=\"63016916\" data-element_type=\"widget\" data-widget_type=\"heading.default\">\n\t\t\t\t<div class=\"elementor-widget-container\">\n\t\t\t<h1 class=\"elementor-heading-title elementor-size-default\">Wzmocnienie sieci<\/h1>\t\t<\/div>\n\t\t\t\t<\/div>\n\t\t\t\t\t<\/div>\n\t\t<\/div>\n\t\t\t\t\t\t\t<\/div>\n\t\t<\/section>\n\t\t\t\t<section class=\"elementor-section elementor-top-section elementor-element elementor-element-e038bbd elementor-section-boxed elementor-section-height-default elementor-section-height-default\" data-id=\"e038bbd\" data-element_type=\"section\" data-settings=\"{&quot;background_background&quot;:&quot;classic&quot;}\">\n\t\t\t\t\t\t<div class=\"elementor-container elementor-column-gap-default\">\n\t\t\t\t\t<div class=\"elementor-column elementor-col-100 elementor-top-column elementor-element elementor-element-4473049\" data-id=\"4473049\" data-element_type=\"column\">\n\t\t\t<div class=\"elementor-widget-wrap elementor-element-populated\">\n\t\t\t\t\t\t\t\t<div class=\"elementor-element elementor-element-e3bf077 elementor-widget elementor-widget-heading\" data-id=\"e3bf077\" data-element_type=\"widget\" data-widget_type=\"heading.default\">\n\t\t\t\t<div class=\"elementor-widget-container\">\n\t\t\t<h2 class=\"elementor-heading-title elementor-size-default\">co robimy<\/h2>\t\t<\/div>\n\t\t\t\t<\/div>\n\t\t\t\t<div class=\"elementor-element elementor-element-4dc5936 elementor-widget-divider--view-line elementor-widget elementor-widget-divider\" data-id=\"4dc5936\" data-element_type=\"widget\" data-widget_type=\"divider.default\">\n\t\t\t\t<div class=\"elementor-widget-container\">\n\t\t\t\t\t<div class=\"elementor-divider\">\n\t\t\t<span class=\"elementor-divider-separator\">\n\t\t\t\t\t\t<\/span>\n\t\t<\/div>\n\t\t\t\t<\/div>\n\t\t\t\t<\/div>\n\t\t\t\t<section class=\"elementor-section elementor-inner-section elementor-element elementor-element-5e29a35 elementor-section-content-top elementor-section-boxed elementor-section-height-default elementor-section-height-default\" data-id=\"5e29a35\" data-element_type=\"section\">\n\t\t\t\t\t\t<div class=\"elementor-container elementor-column-gap-extended\">\n\t\t\t\t\t<div class=\"elementor-column elementor-col-33 elementor-inner-column elementor-element elementor-element-97b62ee\" data-id=\"97b62ee\" data-element_type=\"column\">\n\t\t\t<div class=\"elementor-widget-wrap elementor-element-populated\">\n\t\t\t\t\t\t\t\t<div class=\"elementor-element elementor-element-1e477ff elementor-widget elementor-widget-heading\" data-id=\"1e477ff\" data-element_type=\"widget\" data-widget_type=\"heading.default\">\n\t\t\t\t<div class=\"elementor-widget-container\">\n\t\t\t<h3 class=\"elementor-heading-title elementor-size-default\">\u2014 YSOP<\/h3>\t\t<\/div>\n\t\t\t\t<\/div>\n\t\t\t\t<div class=\"elementor-element elementor-element-ab6fb18 elementor-widget elementor-widget-text-editor\" data-id=\"ab6fb18\" data-element_type=\"widget\" data-widget_type=\"text-editor.default\">\n\t\t\t\t<div class=\"elementor-widget-container\">\n\t\t\t\t\t\t\t<p>Young Sisters of the Order of Preachers (YSOP) to coroczne spotkanie, kt\u00f3re gromadzi m\u0142ode siostry dominikanki z ca\u0142ej Europy. M\u0142ode siostry dominikanki to nowicjuszki i siostry, kt\u00f3re maj\u0105 mniej ni\u017c 20 lat \u015blub\u00f3w zakonnych. W wypadku potrzeby zostan\u0105 zapewnione t\u0142umaczenia na r\u00f3\u017cne j\u0119zyki.<\/p>\t\t\t\t\t\t<\/div>\n\t\t\t\t<\/div>\n\t\t\t\t\t<\/div>\n\t\t<\/div>\n\t\t\t\t<div class=\"elementor-column elementor-col-33 elementor-inner-column elementor-element elementor-element-eb8348b\" data-id=\"eb8348b\" data-element_type=\"column\">\n\t\t\t<div class=\"elementor-widget-wrap elementor-element-populated\">\n\t\t\t\t\t\t\t\t<div class=\"elementor-element elementor-element-90c4aea elementor-widget elementor-widget-heading\" data-id=\"90c4aea\" data-element_type=\"widget\" data-widget_type=\"heading.default\">\n\t\t\t\t<div class=\"elementor-widget-container\">\n\t\t\t<h3 class=\"elementor-heading-title elementor-size-default\">- Pielgrzymka dominika\u0144ska\n\n\n<\/h3>\t\t<\/div>\n\t\t\t\t<\/div>\n\t\t\t\t<div class=\"elementor-element elementor-element-8391010 elementor-widget elementor-widget-text-editor\" data-id=\"8391010\" data-element_type=\"widget\" data-widget_type=\"text-editor.default\">\n\t\t\t\t<div class=\"elementor-widget-container\">\n\t\t\t\t\t\t\t<p>Coroczna pielgrzymka jest zwykle planowana \u015bladami \u015bw. Dominika w r\u00f3\u017cnych krajach Europy. Dominika w r\u00f3\u017cnych krajach Europy. Pielgrzymka jest otwarta dla si\u00f3str w ka\u017cdym wieku.<\/p>\t\t\t\t\t\t<\/div>\n\t\t\t\t<\/div>\n\t\t\t\t\t<\/div>\n\t\t<\/div>\n\t\t\t\t<div class=\"elementor-column elementor-col-33 elementor-inner-column elementor-element elementor-element-6033de4\" data-id=\"6033de4\" data-element_type=\"column\">\n\t\t\t<div class=\"elementor-widget-wrap elementor-element-populated\">\n\t\t\t\t\t\t\t\t<div class=\"elementor-element elementor-element-5bc5263 elementor-widget elementor-widget-heading\" data-id=\"5bc5263\" data-element_type=\"widget\" data-widget_type=\"heading.default\">\n\t\t\t\t<div class=\"elementor-widget-container\">\n\t\t\t<h3 class=\"elementor-heading-title elementor-size-default\">- Warsztaty formacyjne dla si\u00f3str w wieku powy\u017cej 50 lat<\/h3>\t\t<\/div>\n\t\t\t\t<\/div>\n\t\t\t\t<div class=\"elementor-element elementor-element-8423c54 elementor-widget elementor-widget-text-editor\" data-id=\"8423c54\" data-element_type=\"widget\" data-widget_type=\"text-editor.default\">\n\t\t\t\t<div class=\"elementor-widget-container\">\n\t\t\t\t\t\t\t<p>Jest to nowa impreza zaplanowana przez DSE dla si\u00f3str w wieku 50 lat i wi\u0119cej. Spotkania s\u0105 zaplanowane wok\u00f3\u0142 temat\u00f3w formacji sta\u0142ej, a ich celem jest budowanie i rozwijanie przyja\u017ani mi\u0119dzy siostrami.<\/p>\t\t\t\t\t\t<\/div>\n\t\t\t\t<\/div>\n\t\t\t\t\t<\/div>\n\t\t<\/div>\n\t\t\t\t\t\t\t<\/div>\n\t\t<\/section>\n\t\t\t\t<section class=\"elementor-section elementor-inner-section elementor-element elementor-element-e09fbf5 elementor-section-content-top elementor-section-boxed elementor-section-height-default elementor-section-height-default\" data-id=\"e09fbf5\" data-element_type=\"section\">\n\t\t\t\t\t\t<div class=\"elementor-container elementor-column-gap-wide\">\n\t\t\t\t\t<div class=\"elementor-column elementor-col-33 elementor-inner-column elementor-element elementor-element-f9fb7a1\" data-id=\"f9fb7a1\" data-element_type=\"column\">\n\t\t\t<div class=\"elementor-widget-wrap elementor-element-populated\">\n\t\t\t\t\t\t\t\t<div class=\"elementor-element elementor-element-ed50d53 elementor-widget elementor-widget-heading\" data-id=\"ed50d53\" data-element_type=\"widget\" data-widget_type=\"heading.default\">\n\t\t\t\t<div class=\"elementor-widget-container\">\n\t\t\t<h3 class=\"elementor-heading-title elementor-size-default\">- Spotkanie dla formator\u00f3w<\/h3>\t\t<\/div>\n\t\t\t\t<\/div>\n\t\t\t\t<div class=\"elementor-element elementor-element-2796468 elementor-widget elementor-widget-text-editor\" data-id=\"2796468\" data-element_type=\"widget\" data-widget_type=\"text-editor.default\">\n\t\t\t\t<div class=\"elementor-widget-container\">\n\t\t\t\t\t\t\t<p>DSE organizuje co dwa lata warsztaty dla formator\u00f3w skupiaj\u0105ce si\u0119 na konkretnych aspektach formacji. Zaproszeni prelegenci s\u0105 ekspertami w tej dziedzinie, a warsztaty maj\u0105 na celu wzbogacenie formator\u00f3w o nowe spostrze\u017cenia i stworzenie im mo\u017cliwo\u015bci wymiany do\u015bwiadcze\u0144 i pomys\u0142\u00f3w na formacj\u0119 sta\u0142\u0105 i ustawiczn\u0105.<\/p>\t\t\t\t\t\t<\/div>\n\t\t\t\t<\/div>\n\t\t\t\t\t<\/div>\n\t\t<\/div>\n\t\t\t\t<div class=\"elementor-column elementor-col-33 elementor-inner-column elementor-element elementor-element-6b14fd4\" data-id=\"6b14fd4\" data-element_type=\"column\">\n\t\t\t<div class=\"elementor-widget-wrap elementor-element-populated\">\n\t\t\t\t\t\t\t\t<div class=\"elementor-element elementor-element-944d61a elementor-widget elementor-widget-heading\" data-id=\"944d61a\" data-element_type=\"widget\" data-widget_type=\"heading.default\">\n\t\t\t\t<div class=\"elementor-widget-container\">\n\t\t\t<h3 class=\"elementor-heading-title elementor-size-default\">- Letnie kursy j\u0119zykowe<\/h3>\t\t<\/div>\n\t\t\t\t<\/div>\n\t\t\t\t<div class=\"elementor-element elementor-element-98843a4 elementor-widget elementor-widget-text-editor\" data-id=\"98843a4\" data-element_type=\"widget\" data-widget_type=\"text-editor.default\">\n\t\t\t\t<div class=\"elementor-widget-container\">\n\t\t\t\t\t\t\t<p>J\u0119zyk jest najtrudniejsz\u0105 barier\u0105 w komunikacji pomi\u0119dzy krajami europejskimi. Siostry w Irlandii i Hiszpanii ch\u0119tnie przyjmuj\u0105 siostry z innych kraj\u00f3w, aby przebywa\u0107 z nimi przez kr\u00f3tki okres czasu, zazwyczaj podczas wakacji letnich, i da\u0107 im kurs wprowadzaj\u0105cy w j\u0119zyku angielskim\/hiszpa\u0144skim.<\/p>\t\t\t\t\t\t<\/div>\n\t\t\t\t<\/div>\n\t\t\t\t\t<\/div>\n\t\t<\/div>\n\t\t\t\t<div class=\"elementor-column elementor-col-33 elementor-inner-column elementor-element elementor-element-8defcb0\" data-id=\"8defcb0\" data-element_type=\"column\">\n\t\t\t<div class=\"elementor-widget-wrap elementor-element-populated\">\n\t\t\t\t\t\t\t\t<div class=\"elementor-element elementor-element-f5081eb elementor-widget elementor-widget-heading\" data-id=\"f5081eb\" data-element_type=\"widget\" data-widget_type=\"heading.default\">\n\t\t\t\t<div class=\"elementor-widget-container\">\n\t\t\t<h3 class=\"elementor-heading-title elementor-size-default\">\u2014 NGO presence at the UN commission<\/h3>\t\t<\/div>\n\t\t\t\t<\/div>\n\t\t\t\t<div class=\"elementor-element elementor-element-160e578 elementor-widget elementor-widget-text-editor\" data-id=\"160e578\" data-element_type=\"widget\" data-widget_type=\"text-editor.default\">\n\t\t\t\t<div class=\"elementor-widget-container\">\n\t\t\t\t\t\t\t<p>We wsp\u00f3\u0142pracy z mi\u0119dzynarodowym promotorem sprawiedliwo\u015bci i pokoju w DSIC, przedstawiciele z r\u00f3\u017cnych stref kontynentalnych s\u0105 wysy\u0142ani do udzia\u0142u w dorocznej komisji ONZ ds. statusu kobiet. Stanowi to okazj\u0119 dla si\u00f3str pracuj\u0105cych na poziomie lokalnym na rzecz poprawy godno\u015bci kobiet i dziewcz\u0105t, do zapoznania si\u0119 z pracami ONZ w tym zakresie.<\/p>\t\t\t\t\t\t<\/div>\n\t\t\t\t<\/div>\n\t\t\t\t\t<\/div>\n\t\t<\/div>\n\t\t\t\t\t\t\t<\/div>\n\t\t<\/section>\n\t\t\t\t\t<\/div>\n\t\t<\/div>\n\t\t\t\t\t\t\t<\/div>\n\t\t<\/section>\n\t\t\t\t<section class=\"elementor-section elementor-top-section elementor-element elementor-element-16280bd elementor-section-boxed elementor-section-height-default elementor-section-height-default\" data-id=\"16280bd\" data-element_type=\"section\" data-settings=\"{&quot;background_background&quot;:&quot;classic&quot;}\">\n\t\t\t\t\t\t<div class=\"elementor-container elementor-column-gap-default\">\n\t\t\t\t\t<div class=\"elementor-column elementor-col-100 elementor-top-column elementor-element elementor-element-71d672e\" data-id=\"71d672e\" data-element_type=\"column\">\n\t\t\t<div class=\"elementor-widget-wrap elementor-element-populated\">\n\t\t\t\t\t\t\t\t<div class=\"elementor-element elementor-element-3904c8a elementor-widget elementor-widget-heading\" data-id=\"3904c8a\" data-element_type=\"widget\" data-widget_type=\"heading.default\">\n\t\t\t\t<div class=\"elementor-widget-container\">\n\t\t\t<h2 class=\"elementor-heading-title elementor-size-default\">Na czym nam zale\u017cy!<\/h2>\t\t<\/div>\n\t\t\t\t<\/div>\n\t\t\t\t<div class=\"elementor-element elementor-element-7a10433 elementor-widget-divider--view-line elementor-widget elementor-widget-divider\" data-id=\"7a10433\" data-element_type=\"widget\" data-widget_type=\"divider.default\">\n\t\t\t\t<div class=\"elementor-widget-container\">\n\t\t\t\t\t<div class=\"elementor-divider\">\n\t\t\t<span class=\"elementor-divider-separator\">\n\t\t\t\t\t\t<\/span>\n\t\t<\/div>\n\t\t\t\t<\/div>\n\t\t\t\t<\/div>\n\t\t\t\t<section class=\"elementor-section elementor-inner-section elementor-element elementor-element-5817f5b elementor-section-content-top elementor-section-boxed elementor-section-height-default elementor-section-height-default\" data-id=\"5817f5b\" data-element_type=\"section\">\n\t\t\t\t\t\t<div class=\"elementor-container elementor-column-gap-extended\">\n\t\t\t\t\t<div class=\"elementor-column elementor-col-33 elementor-inner-column elementor-element elementor-element-f337b0a\" data-id=\"f337b0a\" data-element_type=\"column\" data-settings=\"{&quot;background_background&quot;:&quot;classic&quot;}\">\n\t\t\t<div class=\"elementor-widget-wrap elementor-element-populated\">\n\t\t\t\t\t\t\t\t<div class=\"elementor-element elementor-element-b15dc65 elementor-widget elementor-widget-image\" data-id=\"b15dc65\" data-element_type=\"widget\" data-widget_type=\"image.default\">\n\t\t\t\t<div class=\"elementor-widget-container\">\n\t\t\t\t\t\t\t\t\t\t\t\t\t\t\t<img fetchpriority=\"high\" decoding=\"async\" width=\"872\" height=\"654\" src=\"https:\/\/dsieurope.op.org\/wp-content\/uploads\/2020\/07\/IMG_7684.jpeg\" class=\"attachment-large size-large wp-image-1247\" alt=\"\" srcset=\"https:\/\/dsieurope.op.org\/wp-content\/uploads\/2020\/07\/IMG_7684.jpeg 872w, https:\/\/dsieurope.op.org\/wp-content\/uploads\/2020\/07\/IMG_7684-300x225.jpeg 300w, https:\/\/dsieurope.op.org\/wp-content\/uploads\/2020\/07\/IMG_7684-768x576.jpeg 768w\" sizes=\"(max-width: 872px) 100vw, 872px\" \/>\t\t\t\t\t\t\t\t\t\t\t\t\t\t\t<\/div>\n\t\t\t\t<\/div>\n\t\t\t\t<div class=\"elementor-element elementor-element-d8e0125 elementor-widget elementor-widget-heading\" data-id=\"d8e0125\" data-element_type=\"widget\" data-widget_type=\"heading.default\">\n\t\t\t\t<div class=\"elementor-widget-container\">\n\t\t\t<h5 class=\"elementor-heading-title elementor-size-default\">SOLIDARNO\u015a\u0106 <\/h5>\t\t<\/div>\n\t\t\t\t<\/div>\n\t\t\t\t\t<\/div>\n\t\t<\/div>\n\t\t\t\t<div class=\"elementor-column elementor-col-33 elementor-inner-column elementor-element elementor-element-d165f90\" data-id=\"d165f90\" data-element_type=\"column\" data-settings=\"{&quot;background_background&quot;:&quot;classic&quot;}\">\n\t\t\t<div class=\"elementor-widget-wrap elementor-element-populated\">\n\t\t\t\t\t\t\t\t<div class=\"elementor-element elementor-element-690d55b elementor-widget elementor-widget-image\" data-id=\"690d55b\" data-element_type=\"widget\" data-widget_type=\"image.default\">\n\t\t\t\t<div class=\"elementor-widget-container\">\n\t\t\t\t\t\t\t\t\t\t\t\t\t\t\t<img decoding=\"async\" width=\"768\" height=\"576\" src=\"https:\/\/dsieurope.op.org\/wp-content\/uploads\/2020\/07\/UNcommision2019.jpg\" class=\"attachment-full size-full wp-image-1188\" alt=\"\" srcset=\"https:\/\/dsieurope.op.org\/wp-content\/uploads\/2020\/07\/UNcommision2019.jpg 768w, https:\/\/dsieurope.op.org\/wp-content\/uploads\/2020\/07\/UNcommision2019-300x225.jpg 300w\" sizes=\"(max-width: 768px) 100vw, 768px\" \/>\t\t\t\t\t\t\t\t\t\t\t\t\t\t\t<\/div>\n\t\t\t\t<\/div>\n\t\t\t\t<div class=\"elementor-element elementor-element-dc09588 elementor-widget elementor-widget-heading\" data-id=\"dc09588\" data-element_type=\"widget\" data-widget_type=\"heading.default\">\n\t\t\t\t<div class=\"elementor-widget-container\">\n\t\t\t<h5 class=\"elementor-heading-title elementor-size-default\"><a href=\"https:\/\/dsieurope.org\/justice-peace\/\" target=\"_blank\" rel=\"noopener\">SPRAWIEDLIWO\u015a\u0106 I POK\u00d3J<\/a><\/h5>\t\t<\/div>\n\t\t\t\t<\/div>\n\t\t\t\t\t<\/div>\n\t\t<\/div>\n\t\t\t\t<div class=\"elementor-column elementor-col-33 elementor-inner-column elementor-element elementor-element-110db54\" data-id=\"110db54\" data-element_type=\"column\" data-settings=\"{&quot;background_background&quot;:&quot;classic&quot;}\">\n\t\t\t<div class=\"elementor-widget-wrap elementor-element-populated\">\n\t\t\t\t\t\t\t\t<div class=\"elementor-element elementor-element-acd14d5 elementor-widget elementor-widget-image\" data-id=\"acd14d5\" data-element_type=\"widget\" data-widget_type=\"image.default\">\n\t\t\t\t<div class=\"elementor-widget-container\">\n\t\t\t\t\t\t\t\t\t\t\t\t\t\t\t<img decoding=\"async\" width=\"872\" height=\"654\" src=\"https:\/\/dsieurope.op.org\/wp-content\/uploads\/2020\/07\/IMG_20180427_154324.jpg\" class=\"attachment-full size-full wp-image-1204\" alt=\"\" srcset=\"https:\/\/dsieurope.op.org\/wp-content\/uploads\/2020\/07\/IMG_20180427_154324.jpg 872w, https:\/\/dsieurope.op.org\/wp-content\/uploads\/2020\/07\/IMG_20180427_154324-300x225.jpg 300w, https:\/\/dsieurope.op.org\/wp-content\/uploads\/2020\/07\/IMG_20180427_154324-768x576.jpg 768w\" sizes=\"(max-width: 872px) 100vw, 872px\" \/>\t\t\t\t\t\t\t\t\t\t\t\t\t\t\t<\/div>\n\t\t\t\t<\/div>\n\t\t\t\t<div class=\"elementor-element elementor-element-5ea444a elementor-widget elementor-widget-heading\" data-id=\"5ea444a\" data-element_type=\"widget\" data-widget_type=\"heading.default\">\n\t\t\t\t<div class=\"elementor-widget-container\">\n\t\t\t<h5 class=\"elementor-heading-title elementor-size-default\">FRIENDSHIP<\/h5>\t\t<\/div>\n\t\t\t\t<\/div>\n\t\t\t\t\t<\/div>\n\t\t<\/div>\n\t\t\t\t\t\t\t<\/div>\n\t\t<\/section>\n\t\t\t\t\t<\/div>\n\t\t<\/div>\n\t\t\t\t\t\t\t<\/div>\n\t\t<\/section>\n\t\t\t\t\t\t\t<\/div>","protected":false},"excerpt":{"rendered":"<p>building bridges Strengthening network What We Do \u2014 YSOP Young Sisters of the Order of Preachers (YSOP) is a yearly meeting that brings together young dominican sisters across Europe. Young dominican sisters includes novices and sisters with less than 20 years of professed life. Translations for different languages will be provided as necessary. \u2014 Dominican &hellip;<\/p>\n<p class=\"read-more\"> <a class=\"\" href=\"https:\/\/dsieurope.op.org\/pl\/what-we-do\/\"> <span class=\"screen-reader-text\">co robimy<\/span> Read More &raquo;<\/a><\/p>","protected":false},"author":2,"featured_media":0,"parent":0,"menu_order":0,"comment_status":"closed","ping_status":"closed","template":"","meta":{"site-sidebar-layout":"no-sidebar","site-content-layout":"page-builder","ast-site-content-layout":"","site-content-style":"default","site-sidebar-style":"default","ast-global-header-display":"","ast-banner-title-visibility":"","ast-main-header-display":"","ast-hfb-above-header-display":"","ast-hfb-below-header-display":"","ast-hfb-mobile-header-display":"","site-post-title":"disabled","ast-breadcrumbs-content":"","ast-featured-img":"disabled","footer-sml-layout":"","theme-transparent-header-meta":"default","adv-header-id-meta":"","stick-header-meta":"","header-above-stick-meta":"","header-main-stick-meta":"","header-below-stick-meta":"","astra-migrate-meta-layouts":"","ast-page-background-enabled":"default","ast-page-background-meta":{"desktop":{"background-color":"","background-image":"","background-repeat":"repeat","background-position":"center center","background-size":"auto","background-attachment":"scroll","background-type":"","background-media":"","overlay-type":"","overlay-color":"","overlay-gradient":""},"tablet":{"background-color":"","background-image":"","background-repeat":"repeat","background-position":"center center","background-size":"auto","background-attachment":"scroll","background-type":"","background-media":"","overlay-type":"","overlay-color":"","overlay-gradient":""},"mobile":{"background-color":"","background-image":"","background-repeat":"repeat","background-position":"center center","background-size":"auto","background-attachment":"scroll","background-type":"","background-media":"","overlay-type":"","overlay-color":"","overlay-gradient":""}},"ast-content-background-meta":{"desktop":{"background-color":"var(--ast-global-color-5)","background-image":"","background-repeat":"repeat","background-position":"center center","background-size":"auto","background-attachment":"scroll","background-type":"","background-media":"","overlay-type":"","overlay-color":"","overlay-gradient":""},"tablet":{"background-color":"var(--ast-global-color-5)","background-image":"","background-repeat":"repeat","background-position":"center center","background-size":"auto","background-attachment":"scroll","background-type":"","background-media":"","overlay-type":"","overlay-color":"","overlay-gradient":""},"mobile":{"background-color":"var(--ast-global-color-5)","background-image":"","background-repeat":"repeat","background-position":"center center","background-size":"auto","background-attachment":"scroll","background-type":"","background-media":"","overlay-type":"","overlay-color":"","overlay-gradient":""}},"footnotes":""},"class_list":["post-1174","page","type-page","status-publish","hentry"],"_links":{"self":[{"href":"https:\/\/dsieurope.op.org\/pl\/wp-json\/wp\/v2\/pages\/1174","targetHints":{"allow":["GET"]}}],"collection":[{"href":"https:\/\/dsieurope.op.org\/pl\/wp-json\/wp\/v2\/pages"}],"about":[{"href":"https:\/\/dsieurope.op.org\/pl\/wp-json\/wp\/v2\/types\/page"}],"author":[{"embeddable":true,"href":"https:\/\/dsieurope.op.org\/pl\/wp-json\/wp\/v2\/users\/2"}],"replies":[{"embeddable":true,"href":"https:\/\/dsieurope.op.org\/pl\/wp-json\/wp\/v2\/comments?post=1174"}],"version-history":[{"count":18,"href":"https:\/\/dsieurope.op.org\/pl\/wp-json\/wp\/v2\/pages\/1174\/revisions"}],"predecessor-version":[{"id":3654,"href":"https:\/\/dsieurope.op.org\/pl\/wp-json\/wp\/v2\/pages\/1174\/revisions\/3654"}],"wp:attachment":[{"href":"https:\/\/dsieurope.op.org\/pl\/wp-json\/wp\/v2\/media?parent=1174"}],"curies":[{"name":"wp","href":"https:\/\/api.w.org\/{rel}","templated":true}]}}